{"id":10,"date":"2024-03-25T15:24:40","date_gmt":"2024-03-25T20:24:40","guid":{"rendered":"https:\/\/asociacioncolombianademicologia.org\/iicongresocolombianomicologia\/?page_id=10"},"modified":"2025-01-15T17:38:14","modified_gmt":"2025-01-15T22:38:14","slug":"inscripciones","status":"publish","type":"page","link":"https:\/\/asociacioncolombianademicologia.org\/iicongresocolombianomicologia\/inscripciones\/","title":{"rendered":"Inscripciones"},"content":{"rendered":"<div class=\"wpb-content-wrapper\"><p>[vc_section full_width=&#8221;stretch_row_content&#8221; css=&#8221;.vc_custom_1711482376551{background: #d85103 url(https:\/\/asociacioncolombianademicologia.org\/iicongresocolombianomicologia\/wp-content\/uploads\/2024\/03\/inscripciones.png?id=87) !important;background-position: center !important;background-repeat: no-repeat !important;background-size: cover !important;}&#8221; el_class=&#8221;header-inner-page&#8221;][vc_row el_class=&#8221;container&#8221;][vc_column][vc_custom_heading text=&#8221;Inscripciones&#8221; font_container=&#8221;tag:h1|text_align:left|color:%23ffffff&#8221; use_theme_fonts=&#8221;yes&#8221; el_class=&#8221;h1-title-innerpages&#8221;][\/vc_column][\/vc_row][\/vc_section][vc_section full_width=&#8221;stretch_row_content&#8221;][vc_row el_class=&#8221;container&#8221;][vc_column][vc_column_text]\u00a1No pierdas la oportunidad de ser parte de este emocionante evento! Completa el siguiente formulario de inscripci\u00f3n y asegura tu participaci\u00f3n en el II Congreso Colombiano de Micolog\u00eda. Consulta las tarifas del congreso por fechas, descuentos y beneficios para profesionales,\u00a0 estudiantes y miembros de ASCOLMIC.[\/vc_column_text][\/vc_column][\/vc_row][\/vc_section][vc_row el_class=&#8221;container&#8221;][vc_column][vc_column_text]<\/p>\n<p style=\"text-align: center;\"><b>I<\/b><strong>NSCRIPCI\u00d3N AL CONGRESO<\/strong><\/p>\n<p style=\"text-align: center;\">Despu\u00e9s de realizar el pago para formalizar tu inscripci\u00f3n al II Congreso Colombiano de Micolog\u00eda, registra los datos y env\u00eda en formato JPG o PDF el comprobante de pago a trav\u00e9s del siguiente formulario.<\/p>\n<p>[\/vc_column_text][vc_column_text]<\/p>\n<p style=\"text-align: center;\"><a href=\"https:\/\/docs.google.com\/forms\/d\/e\/1FAIpQLSeMTME_N3vdkPzLwUNlc8j3Um36kUMwZXKI9XLyWj_g1eYmsQ\/viewform?usp=sf_link\" target=\"_blank\" rel=\"noopener\"><button>Ingresar al formulario<\/button><\/a><\/p>\n<p>[\/vc_column_text][\/vc_column][\/vc_row][vc_section full_width=&#8221;stretch_row_content&#8221;][vc_row el_class=&#8221;container&#8221;][vc_column][vc_custom_heading text=&#8221;Tarifas Congreso&#8221; font_container=&#8221;tag:h2|text_align:center|color:%23291814&#8243; use_theme_fonts=&#8221;yes&#8221; css=&#8221;.vc_custom_1716383150045{margin-bottom: 3.2rem !important;}&#8221;][vc_single_image image=&#8221;258&#8243; img_size=&#8221;full&#8221; alignment=&#8221;center&#8221; onclick=&#8221;link_image&#8221; css_animation=&#8221;fadeInUp&#8221;][vc_column_text]<\/p>\n<p style=\"text-align: center;\">Los valores est\u00e1n expresados en pesos colombianos (COP).<\/p>\n<p>[\/vc_column_text][\/vc_column][\/vc_row][vc_row el_class=&#8221;container&#8221;][vc_column][vc_custom_heading text=&#8221;Pagos de inscripci\u00f3n al II Congreso Colombiano de Micolog\u00eda&#8221; font_container=&#8221;tag:h2|text_align:left|color:%23291814&#8243; use_theme_fonts=&#8221;yes&#8221;][vc_column_text]El pago de la inscripci\u00f3n al evento debe realizarse a trav\u00e9s de la cuenta de la Asociaci\u00f3n Colombiana de Micolog\u00eda, con el concepto \u201cPago inscripci\u00f3n II Congreso Colombiano de Micolog\u00eda 2024\u201d.[\/vc_column_text][vc_custom_heading text=&#8221;La fecha l\u00edmite para el pago temprano es el 20 de septiembre de 2024.&#8221; font_container=&#8221;tag:h2|text_align:center|color:%23ffffff&#8221; use_theme_fonts=&#8221;yes&#8221; css=&#8221;.vc_custom_1726684286837{margin-bottom: 3.2rem !important;padding-top: 1.6rem !important;padding-right: 2.4rem !important;padding-bottom: 1.6rem !important;padding-left: 2.4rem !important;background-color: #d45003 !important;border-radius: 20px !important;}&#8221;][vc_column_text]<\/p>\n<p style=\"text-align: center;\"><strong>\u00a1IMPORTANTE!<\/strong><\/p>\n<p style=\"text-align: center;\">Para realizar el pago, puedes optar por TRANSFERENCIA BANCARIA o utilizar el BOT\u00d3N DE PAGO. Aseg\u00farate de considerar las tarifas del congreso y la categor\u00eda en la que deseas participar.<\/p>\n<p style=\"text-align: center;\">Si vas a realizar un pago internacional, ten en cuenta el tipo de cambio del d\u00eda en que efectuar\u00e1s la transacci\u00f3n. Puedes hacerlo mediante transferencia bancaria o utilizando el bot\u00f3n de pago.<\/p>\n<p style=\"text-align: center;\"><strong>DATOS DE PAGO TRANSFERENCIA BANCARIA<\/strong><br \/>\nCuenta de ahorros: 37700000672<br \/>\nBANCOLOMBIA<br \/>\nAsociaci\u00f3n Colombiana de Micolog\u00eda<br \/>\nNIT: 901385841-8<\/p>\n<p>[\/vc_column_text][vc_column_text]<\/p>\n<p style=\"text-align: center;\"><strong>BOT\u00d3N DE PAGO<\/strong><br \/>\nAl realizar el pago por esta modalidad se cobra un adicional de 6.000 pesos colombianos (COP). Este valor corresponde a la comisi\u00f3n efectuada por la plataforma. Actualmente, est\u00e1n habilitados los pagos con valores de fecha temprana.<\/p>\n<p>[\/vc_column_text][vc_column_text]<\/p>\n<p>[\/vc_column_text][vc_row_inner disable_element=&#8221;yes&#8221;][vc_column_inner width=&#8221;1\/6&#8243;][\/vc_column_inner][vc_column_inner width=&#8221;2\/3&#8243;][vc_custom_heading text=&#8221;Inscripci\u00f3n al Congreso&#8221; font_container=&#8221;tag:h2|text_align:center|color:%23291814&#8243; use_theme_fonts=&#8221;yes&#8221; css=&#8221;.vc_custom_1716383234285{margin-bottom: 3.2rem !important;}&#8221;]\n<div class=\"wpcf7 no-js\" id=\"wpcf7-f114-o1\" lang=\"es-CO\" dir=\"ltr\">\n<div class=\"screen-reader-response\"><p role=\"status\" aria-live=\"polite\" aria-atomic=\"true\"><\/p> <ul><\/ul><\/div>\n<form action=\"\/iicongresocolombianomicologia\/wp-json\/wp\/v2\/pages\/10#wpcf7-f114-o1\" method=\"post\" class=\"wpcf7-form init\" aria-label=\"Formulario de contacto\" enctype=\"multipart\/form-data\" novalidate=\"novalidate\" data-status=\"init\">\n<div style=\"display: none;\">\n<input type=\"hidden\" name=\"_wpcf7\" value=\"114\" \/>\n<input type=\"hidden\" name=\"_wpcf7_version\" value=\"5.9.3\" \/>\n<input type=\"hidden\" name=\"_wpcf7_locale\" value=\"es_CO\" \/>\n<input type=\"hidden\" name=\"_wpcf7_unit_tag\" value=\"wpcf7-f114-o1\" \/>\n<input type=\"hidden\" name=\"_wpcf7_container_post\" value=\"0\" \/>\n<input type=\"hidden\" name=\"_wpcf7_posted_data_hash\" value=\"\" \/>\n<\/div>\n<p><span class=\"wpcf7-form-control-wrap\" data-name=\"nombre\"><input size=\"40\" class=\"wpcf7-form-control wpcf7-text wpcf7-validates-as-required\" aria-required=\"true\" aria-invalid=\"false\" placeholder=\"Nombre y apellidos completos\" value=\"\" type=\"text\" name=\"nombre\" \/><\/span>\n<\/p>\n<p><span class=\"wpcf7-form-control-wrap\" data-name=\"telefono\"><input size=\"40\" class=\"wpcf7-form-control wpcf7-tel wpcf7-validates-as-required wpcf7-text wpcf7-validates-as-tel\" aria-required=\"true\" aria-invalid=\"false\" placeholder=\"N\u00famero de tel\u00e9fono\" value=\"\" type=\"tel\" name=\"telefono\" \/><\/span>\n<\/p>\n<p><span class=\"wpcf7-form-control-wrap\" data-name=\"correoelectronico\"><input size=\"40\" class=\"wpcf7-form-control wpcf7-email wpcf7-validates-as-required wpcf7-text wpcf7-validates-as-email\" aria-required=\"true\" aria-invalid=\"false\" placeholder=\"Correo electr\u00f3nico\" value=\"\" type=\"email\" name=\"correoelectronico\" \/><\/span>\n<\/p>\n<p><span class=\"wpcf7-form-control-wrap\" data-name=\"numero-identidad\"><input size=\"40\" class=\"wpcf7-form-control wpcf7-tel wpcf7-validates-as-required wpcf7-text wpcf7-validates-as-tel\" aria-required=\"true\" aria-invalid=\"false\" placeholder=\"N\u00famero de documento de identidad\" value=\"\" type=\"tel\" name=\"numero-identidad\" \/><\/span>\n<\/p>\n<p><span class=\"wpcf7-form-control-wrap\" data-name=\"direccion\"><input size=\"40\" class=\"wpcf7-form-control wpcf7-text wpcf7-validates-as-required\" aria-required=\"true\" aria-invalid=\"false\" placeholder=\"Direcci\u00f3n\" value=\"\" type=\"text\" name=\"direccion\" \/><\/span>\n<\/p>\n<p><span class=\"wpcf7-form-control-wrap\" data-name=\"pais\"><input size=\"40\" class=\"wpcf7-form-control wpcf7-text wpcf7-validates-as-required\" aria-required=\"true\" aria-invalid=\"false\" placeholder=\"Pa\u00eds\" value=\"\" type=\"text\" name=\"pais\" \/><\/span>\n<\/p>\n<p><span class=\"wpcf7-form-control-wrap\" data-name=\"departamento\"><input size=\"40\" class=\"wpcf7-form-control wpcf7-text wpcf7-validates-as-required\" aria-required=\"true\" aria-invalid=\"false\" placeholder=\"Departamento\" value=\"\" type=\"text\" name=\"departamento\" \/><\/span>\n<\/p>\n<p><span class=\"wpcf7-form-control-wrap\" data-name=\"municipio\"><input size=\"40\" class=\"wpcf7-form-control wpcf7-text wpcf7-validates-as-required\" aria-required=\"true\" aria-invalid=\"false\" placeholder=\"Municipio\/Ciudad\" value=\"\" type=\"text\" name=\"municipio\" \/><\/span>\n<\/p>\n<p>Selecciona una categor\u00eda\n<\/p>\n<p><span class=\"wpcf7-form-control-wrap\" data-name=\"categoria\"><select class=\"wpcf7-form-control wpcf7-select wpcf7-validates-as-required\" aria-required=\"true\" aria-invalid=\"false\" name=\"categoria\"><option value=\"\">&#8212;Por favor, elige una opci\u00f3n&#8212;<\/option><option value=\"Profesional\">Profesional<\/option><option value=\"Posgrado\">Posgrado<\/option><option value=\"Pregrado\">Pregrado<\/option><\/select><\/span>\n<\/p>\n<p>Adjuntar certificado (categor\u00eda pregrado y posgrado)\n<\/p>\n<p><span class=\"wpcf7-form-control-wrap\" data-name=\"comprobante-categoria\"><input size=\"40\" class=\"wpcf7-form-control wpcf7-file wpcf7-validates-as-required\" accept=\".jpg,.jpeg,.png,.pdf\" aria-required=\"true\" aria-invalid=\"false\" type=\"file\" name=\"comprobante-categoria\" \/><\/span>\n<\/p>\n<p><span class=\"wpcf7-form-control-wrap\" data-name=\"fecha-de-pago\"><input size=\"40\" class=\"wpcf7-form-control wpcf7-text wpcf7-validates-as-required\" aria-required=\"true\" aria-invalid=\"false\" placeholder=\"Fecha de pago de inscripci\u00f3n\" value=\"\" type=\"text\" name=\"fecha-de-pago\" \/><\/span>\n<\/p>\n<p><span class=\"wpcf7-form-control-wrap\" data-name=\"Valorconsignado\"><input size=\"40\" class=\"wpcf7-form-control wpcf7-text wpcf7-validates-as-required\" aria-required=\"true\" aria-invalid=\"false\" placeholder=\"Valor consignado\" value=\"\" type=\"text\" name=\"Valorconsignado\" \/><\/span>\n<\/p>\n<p>Adjuntar comprobante de pago\n<\/p>\n<p><span class=\"wpcf7-form-control-wrap\" data-name=\"comprobante-de-pago\"><input size=\"40\" class=\"wpcf7-form-control wpcf7-file wpcf7-validates-as-required\" accept=\".jpg,.jpeg,.png,.pdf\" aria-required=\"true\" aria-invalid=\"false\" type=\"file\" name=\"comprobante-de-pago\" \/><\/span>\n<\/p>\n<p>Si el pago es realizado por una Universidad u otra entidad que necesite una prefactura u otro documento, por favor, comun\u00edquese al siguiente correo electr\u00f3nico: contabilidad@asociacioncolombianademicologia.org\n<\/p>\n<p><input class=\"wpcf7-form-control wpcf7-submit has-spinner\" type=\"submit\" value=\"Enviar el comprobante de pago\" \/>\n<\/p><div class=\"wpcf7-response-output\" aria-hidden=\"true\"><\/div>\n<\/form>\n<\/div>\n[\/vc_column_inner][vc_column_inner width=&#8221;1\/6&#8243;][\/vc_column_inner][\/vc_row_inner][\/vc_column][\/vc_row][\/vc_section][vc_row disable_element=&#8221;yes&#8221; el_class=&#8221;container&#8221;][vc_column width=&#8221;1\/6&#8243;][\/vc_column][vc_column width=&#8221;2\/3&#8243;][vc_column_text css=&#8221;.vc_custom_1729210495601{border-top-width: 2px !important;border-right-width: 2px !important;border-bottom-width: 2px !important;border-left-width: 2px !important;padding-top: 2.4rem !important;padding-right: 2.4rem !important;padding-bottom: 2.4rem !important;padding-left: 2.4rem !important;background-color: #ffffff !important;border-left-color: #d45003 !important;border-left-style: solid !important;border-right-color: #d45003 !important;border-right-style: solid !important;border-top-color: #d45003 !important;border-top-style: solid !important;border-bottom-color: #d45003 !important;border-bottom-style: solid !important;border-radius: 20px !important;}&#8221;]<\/p>\n<table>\n<thead>\n<tr>\n<th><strong>ITEM<\/strong><\/th>\n<th style=\"text-align: right;\"><strong>VALOR TOTAL<\/strong><\/th>\n<th><strong>BOT\u00d3N DE PAGO<\/strong><\/th>\n<\/tr>\n<\/thead>\n<tbody>\n<tr>\n<td>Profesional Afiliado ASCOLMIC<\/td>\n<td style=\"text-align: right;\">274.000<\/td>\n<td><!-- ===================================================================== \/\/\/\/\/\/\/\/\/\/\/ Este es su bot\u00f3n de Bot\u00f3n de pago ePayco \/\/\/\/\/\/\/\/\/\/\/ ===================================================================== --><\/p>\n<form><script src='https:\/\/checkout.epayco.co\/checkout.js' data-epayco-key='11b9d283a4c3b3b41a5bb0a81f487ed7' class='epayco-button' data-epayco-amount='274000' data-epayco-tax='0.00' data-epayco-tax-ico='0.00' data-epayco-tax-base='274000' data-epayco-name='Profesional, asociado' data-epayco-description='Profesional, asociado' data-epayco-currency='cop' data-epayco-country='CO' data-epayco-test='false' data-epayco-external='false' data-epayco-response='' data-epayco-confirmation='' data-epayco-button='https:\/\/multimedia.epayco.co\/dashboard\/btns\/btn3.png'> \n            <\/script><\/form>\n<p><!-- ================================================================== --><\/td>\n<\/tr>\n<tr>\n<td>Profesional no afiliado ASCOLMIC<\/td>\n<td style=\"text-align: right;\">542.000<\/td>\n<td><!-- ===================================================================== \/\/\/\/\/\/\/\/\/\/\/ Este es su bot\u00f3n de Bot\u00f3n de pago ePayco \/\/\/\/\/\/\/\/\/\/\/ ===================================================================== --><\/p>\n<form><script src='https:\/\/checkout.epayco.co\/checkout.js' data-epayco-key='11b9d283a4c3b3b41a5bb0a81f487ed7' class='epayco-button' data-epayco-amount='542000' data-epayco-tax='0.00' data-epayco-tax-ico='0.00' data-epayco-tax-base='542000' data-epayco-name='Profesional no asociado' data-epayco-description='Profesional no asociado' data-epayco-currency='cop' data-epayco-country='CO' data-epayco-test='false' data-epayco-external='false' data-epayco-response='' data-epayco-confirmation='' data-epayco-button='https:\/\/multimedia.epayco.co\/dashboard\/btns\/btn3.png'> \n            <\/script><\/form>\n<p><!-- ================================================================== --><\/td>\n<\/tr>\n<tr>\n<td>Estudiante Posgrado Afiliado ASCOLMIC<\/td>\n<td style=\"text-align: right;\">207.000<\/td>\n<td><!-- ===================================================================== \/\/\/\/\/\/\/\/\/\/\/ Este es su bot\u00f3n de Bot\u00f3n de pago ePayco \/\/\/\/\/\/\/\/\/\/\/ ===================================================================== --><\/p>\n<form><script src='https:\/\/checkout.epayco.co\/checkout.js' data-epayco-key='11b9d283a4c3b3b41a5bb0a81f487ed7' class='epayco-button' data-epayco-amount='207000' data-epayco-tax='0.00' data-epayco-tax-ico='0.00' data-epayco-tax-base='207000' data-epayco-name='Estudiante de posgrado, asociado' data-epayco-description='Estudiante de posgrado, asociado' data-epayco-currency='cop' data-epayco-country='CO' data-epayco-test='false' data-epayco-external='false' data-epayco-response='' data-epayco-confirmation='' data-epayco-button='https:\/\/multimedia.epayco.co\/dashboard\/btns\/btn3.png'> \n            <\/script><\/form>\n<p><!-- ================================================================== --><\/td>\n<\/tr>\n<tr>\n<td>Estudiante Posgrado no Afiliado ASCOLMIC<\/td>\n<td style=\"text-align: right;\">408.000<\/td>\n<td><!-- ===================================================================== \/\/\/\/\/\/\/\/\/\/\/ Este es su bot\u00f3n de Bot\u00f3n de pago ePayco \/\/\/\/\/\/\/\/\/\/\/ ===================================================================== --><\/p>\n<form><script src='https:\/\/checkout.epayco.co\/checkout.js' data-epayco-key='11b9d283a4c3b3b41a5bb0a81f487ed7' class='epayco-button' data-epayco-amount='408000' data-epayco-tax='0.00' data-epayco-tax-ico='0.00' data-epayco-tax-base='408000' data-epayco-name='Estudiante de posgrado, no asociado' data-epayco-description='Estudiante de posgrado, no asociado' data-epayco-currency='cop' data-epayco-country='CO' data-epayco-test='false' data-epayco-external='false' data-epayco-response='' data-epayco-confirmation='' data-epayco-button='https:\/\/multimedia.epayco.co\/dashboard\/btns\/btn3.png'> \n            <\/script><\/form>\n<p><!-- ================================================================== --><\/td>\n<\/tr>\n<tr>\n<td>Estudiante Pregrado Afiliado ASCOLMIC<\/td>\n<td style=\"text-align: right;\">140.000<\/td>\n<td><!-- ===================================================================== \/\/\/\/\/\/\/\/\/\/\/ Este es su bot\u00f3n de Bot\u00f3n de pago ePayco \/\/\/\/\/\/\/\/\/\/\/ ===================================================================== --><\/p>\n<form><script src='https:\/\/checkout.epayco.co\/checkout.js' data-epayco-key='11b9d283a4c3b3b41a5bb0a81f487ed7' class='epayco-button' data-epayco-amount='140000' data-epayco-tax='0.00' data-epayco-tax-ico='0.00' data-epayco-tax-base='140000' data-epayco-name='Estudiante de pregrado, asociado' data-epayco-description='Estudiante de pregrado, asociado' data-epayco-currency='cop' data-epayco-country='CO' data-epayco-test='false' data-epayco-external='false' data-epayco-response='' data-epayco-confirmation='' data-epayco-button='https:\/\/multimedia.epayco.co\/dashboard\/btns\/btn3.png'> \n            <\/script><\/form>\n<p><!-- ================================================================== --><\/td>\n<\/tr>\n<tr>\n<td>Estudiante Pregrado no Afiliado ASCOLMIC<\/td>\n<td style=\"text-align: right;\">274.000<\/td>\n<td><!-- ===================================================================== \/\/\/\/\/\/\/\/\/\/\/ Este es su bot\u00f3n de Bot\u00f3n de pago ePayco \/\/\/\/\/\/\/\/\/\/\/ ===================================================================== --><\/p>\n<form><script src='https:\/\/checkout.epayco.co\/checkout.js' data-epayco-key='11b9d283a4c3b3b41a5bb0a81f487ed7' class='epayco-button' data-epayco-amount='274000' data-epayco-tax='0.00' data-epayco-tax-ico='0.00' data-epayco-tax-base='274000' data-epayco-name='Estudiante de pregrado, no asociado' data-epayco-description='Estudiante de pregrado, no asociado' data-epayco-currency='cop' data-epayco-country='CO' data-epayco-test='false' data-epayco-external='false' data-epayco-response='' data-epayco-confirmation='' data-epayco-button='https:\/\/multimedia.epayco.co\/dashboard\/btns\/btn3.png'> \n            <\/script><\/form>\n<p><!-- ================================================================== --><\/td>\n<\/tr>\n<\/tbody>\n<\/table>\n<p>[\/vc_column_text][\/vc_column][vc_column width=&#8221;1\/6&#8243;][\/vc_column][\/vc_row]<\/p>\n<\/div>","protected":false},"excerpt":{"rendered":"<p>[vc_section full_width=&#8221;stretch_row_content&#8221; css=&#8221;.vc_custom_1711482376551{background: #d85103 url(https:\/\/asociacioncolombianademicologia.org\/iicongresocolombianomicologia\/wp-content\/uploads\/2024\/03\/inscripciones.png?id=87) !important;background-position: center !important;background-repeat: no-repeat !important;background-size: cover !important;}&#8221; el_class=&#8221;header-inner-page&#8221;][vc_row el_class=&#8221;container&#8221;][vc_column][vc_custom_heading text=&#8221;Inscripciones&#8221; font_container=&#8221;tag:h1|text_align:left|color:%23ffffff&#8221; use_theme_fonts=&#8221;yes&#8221; el_class=&#8221;h1-title-innerpages&#8221;][\/vc_column][\/vc_row][\/vc_section][vc_section full_width=&#8221;stretch_row_content&#8221;][vc_row el_class=&#8221;container&#8221;][vc_column][vc_column_text]\u00a1No pierdas la oportunidad de ser parte de este emocionante evento! Completa el siguiente formulario de inscripci\u00f3n y asegura tu participaci\u00f3n en el II Congreso Colombiano de Micolog\u00eda. Consulta las tarifas del congreso por fechas, descuentos [&hellip;]<\/p>\n","protected":false},"author":1,"featured_media":0,"parent":0,"menu_order":0,"comment_status":"closed","ping_status":"closed","template":"","meta":{"footnotes":""},"class_list":["post-10","page","type-page","status-publish","hentry"],"_links":{"self":[{"href":"https:\/\/asociacioncolombianademicologia.org\/iicongresocolombianomicologia\/wp-json\/wp\/v2\/pages\/10","targetHints":{"allow":["GET"]}}],"collection":[{"href":"https:\/\/asociacioncolombianademicologia.org\/iicongresocolombianomicologia\/wp-json\/wp\/v2\/pages"}],"about":[{"href":"https:\/\/asociacioncolombianademicologia.org\/iicongresocolombianomicologia\/wp-json\/wp\/v2\/types\/page"}],"author":[{"embeddable":true,"href":"https:\/\/asociacioncolombianademicologia.org\/iicongresocolombianomicologia\/wp-json\/wp\/v2\/users\/1"}],"replies":[{"embeddable":true,"href":"https:\/\/asociacioncolombianademicologia.org\/iicongresocolombianomicologia\/wp-json\/wp\/v2\/comments?post=10"}],"version-history":[{"count":41,"href":"https:\/\/asociacioncolombianademicologia.org\/iicongresocolombianomicologia\/wp-json\/wp\/v2\/pages\/10\/revisions"}],"predecessor-version":[{"id":358,"href":"https:\/\/asociacioncolombianademicologia.org\/iicongresocolombianomicologia\/wp-json\/wp\/v2\/pages\/10\/revisions\/358"}],"wp:attachment":[{"href":"https:\/\/asociacioncolombianademicologia.org\/iicongresocolombianomicologia\/wp-json\/wp\/v2\/media?parent=10"}],"curies":[{"name":"wp","href":"https:\/\/api.w.org\/{rel}","templated":true}]}}