{"id":12,"date":"2024-03-25T15:24:46","date_gmt":"2024-03-25T20:24:46","guid":{"rendered":"https:\/\/asociacioncolombianademicologia.org\/iicongresocolombianomicologia\/?page_id=12"},"modified":"2024-10-17T19:27:09","modified_gmt":"2024-10-18T00:27:09","slug":"actividades","status":"publish","type":"page","link":"https:\/\/asociacioncolombianademicologia.org\/iicongresocolombianomicologia\/actividades\/","title":{"rendered":"Actividades"},"content":{"rendered":"<div class=\"wpb-content-wrapper\"><p>[vc_section full_width=&#8221;stretch_row_content&#8221; css=&#8221;.vc_custom_1711482376551{background: #d85103 url(https:\/\/asociacioncolombianademicologia.org\/iicongresocolombianomicologia\/wp-content\/uploads\/2024\/03\/inscripciones.png?id=87) !important;background-position: center !important;background-repeat: no-repeat !important;background-size: cover !important;}&#8221; el_class=&#8221;header-inner-page&#8221;][vc_row el_class=&#8221;container&#8221;][vc_column][vc_custom_heading text=&#8221;Actividades II Congreso Colombiano de Micolog\u00eda&#8221; font_container=&#8221;tag:h1|text_align:left|color:%23ffffff&#8221; use_theme_fonts=&#8221;yes&#8221; el_class=&#8221;h1-title-innerpages&#8221;][\/vc_column][\/vc_row][\/vc_section][vc_section full_width=&#8221;stretch_row_content&#8221;][vc_row el_class=&#8221;container&#8221;][vc_column][vc_custom_heading text=&#8221;CURSOS PRE Y POSCONGRESO&#8221; font_container=&#8221;tag:h2|text_align:left|color:%23291814&#8243; use_theme_fonts=&#8221;yes&#8221; css=&#8221;.vc_custom_1726714585832{margin-bottom: 3.2rem !important;}&#8221;][vc_column_text]En el marco del II Congreso Colombiano de Micolog\u00eda, ofrecemos una serie de cursos pre y poscongreso dise\u00f1ados para profundizar en diversos aspectos de la micolog\u00eda. Estos cursos est\u00e1n dirigidos a profesionales, estudiantes e interesados en el estudio de los hongos y no es necesario estar inscrito en el Congreso.[\/vc_column_text][\/vc_column][\/vc_row][vc_row el_class=&#8221;container&#8221;][vc_column][vc_custom_heading text=&#8221;INSCRIPCI\u00d3N Y FORMALIZACI\u00d3N&#8221; font_container=&#8221;tag:h2|text_align:left|color:%23291814&#8243; use_theme_fonts=&#8221;yes&#8221; css=&#8221;.vc_custom_1726714577942{margin-bottom: 3.2rem !important;}&#8221;][vc_column_text]Una vez realizado el pago para formalizar tu inscripci\u00f3n en los cursos pre y poscongreso, registra tus datos y env\u00eda el comprobante de pago en formato JPG o PDF a trav\u00e9s del siguiente formulario:[\/vc_column_text][vc_column_text]<\/p>\n<p style=\"text-align: center;\"><a href=\"https:\/\/forms.gle\/CAadSLmjv2HRQiYS6\" target=\"_blank\" rel=\"noopener\"><button>Formulario de Inscripci\u00f3n<\/button><\/a><\/p>\n<p>[\/vc_column_text][\/vc_column][\/vc_row][vc_row el_class=&#8221;container&#8221;][vc_column][vc_custom_heading text=&#8221;INFORMACI\u00d3N Y TARIFAS&#8221; font_container=&#8221;tag:h2|text_align:left|color:%23291814&#8243; use_theme_fonts=&#8221;yes&#8221; css=&#8221;.vc_custom_1726714772630{margin-bottom: 3.2rem !important;}&#8221;][vc_column_text css=&#8221;.vc_custom_1729211225202{border-top-width: 2px !important;border-right-width: 2px !important;border-bottom-width: 2px !important;border-left-width: 2px !important;padding-top: 2.4rem !important;padding-right: 2.4rem !important;padding-bottom: 2.4rem !important;padding-left: 2.4rem !important;background-color: #ffffff !important;border-left-color: #d45003 !important;border-left-style: solid !important;border-right-color: #d45003 !important;border-right-style: solid !important;border-top-color: #d45003 !important;border-top-style: solid !important;border-bottom-color: #d45003 !important;border-bottom-style: solid !important;border-radius: 20px !important;}&#8221;]<\/p>\n<table width=\"100%\">\n<tbody>\n<tr>\n<td width=\"7%\"><strong>No<\/strong><\/td>\n<td><strong>Nombre del curso<\/strong><\/td>\n<td><strong>Fecha<\/strong><\/td>\n<td><strong>Modalidad<\/strong><\/td>\n<td><strong>Coordina<\/strong><\/td>\n<td><strong>Tarifa m\u00ednima con IVA (COP)<\/strong><\/td>\n<\/tr>\n<tr>\n<td width=\"7%\">1<\/td>\n<td>Descubriendo el mundo de las cervezas salvajes: elaboraci\u00f3n con levaduras silvestres.<\/td>\n<td>Jueves y viernes, 24 y 25 de Octubre de 2024<\/td>\n<td>Presencial<\/td>\n<td>Biol. Edison G\u00f3mez Botero Apoya: Phylum Cerveza Artesanal<\/td>\n<td>$ 360.000<\/td>\n<\/tr>\n<tr>\n<td width=\"7%\">2<\/td>\n<td>Producci\u00f3n de hongos comestibles y medicinales<\/td>\n<td>Domingo y Lunes, 27 y 28 de octubre de 2024<\/td>\n<td>Presencial<\/td>\n<td>Dr. Santiago Jaramillo Mej\u00eda<\/td>\n<td>$ 360.000<\/td>\n<\/tr>\n<tr>\n<td width=\"7%\">3<\/td>\n<td>Curso-taller biolog\u00eda y taxonom\u00eda de hongos de la madera<\/td>\n<td>Viernes en la tarde, S\u00e1bado y Domingo, 1, 2 y 3 de Noviembre de 2024<\/td>\n<td>Presencial<\/td>\n<td>Dr. Mario Rajchenberg, Dra. Viviana Motato y Dra. Nataly G\u00f3mez<\/td>\n<td>$ 300.000<\/td>\n<\/tr>\n<tr>\n<td width=\"7%\">4<\/td>\n<td>Enfermedades que afectan la producci\u00f3n comercial de frutos tropicales: biolog\u00eda, diagn\u00f3stico y manejo<\/td>\n<td>Lunes ma\u00f1ana, 28 de octubre de 2024, 4 horas<\/td>\n<td>H\u00edbrido (Presencial y\/o Virtual)<\/td>\n<td>Dra. Romina Gazis<\/td>\n<td>$ 150.000<\/td>\n<\/tr>\n<tr>\n<td width=\"7%\">5<\/td>\n<td>Curso Interacciones planta &#8211; hongo: Un abordaje desde las \u00f3micas<\/td>\n<td>Viernes y S\u00e1bado, 1 y 2 de Noviembre de 2024<\/td>\n<td>H\u00edbrido (Presencial y\/o Virtual)<\/td>\n<td>Dra. Celia Marcela Camacho Montealegre, Dr. Sergio Alberto D\u00edaz Gallo, Dra. Hanna Lorena Alvarado Moreno<\/td>\n<td>$ 300.000<\/td>\n<\/tr>\n<tr>\n<td width=\"7%\">6<\/td>\n<td>Investigaci\u00f3n y uso de la funga colombiana: aspectos t\u00e9cnicos y jur\u00eddicos<\/td>\n<td>Lunes tarde, 28 de octubre de 2024, 4 horas<\/td>\n<td>H\u00edbrido (Presencial y\/o Virtual)<\/td>\n<td>Dra. Florelia Vallejo Trujillo y PhD(c) Lina D\u00e1vila<\/td>\n<td>$ 150.000<\/td>\n<\/tr>\n<tr>\n<td width=\"7%\">7<\/td>\n<td>An\u00e1lisis del conocimiento tradicional abordado desde los m\u00e9todos en etnomicolog\u00eda<\/td>\n<td>Viernes en la ma\u00f1ana, 1 de noviembre de 2024, 4 horas<\/td>\n<td>H\u00edbrido (Presencial y\/o Virtual)<\/td>\n<td>Dra Mara Ximena Haro Luna y MSc Ehidy Rocio Pe\u00f1a Ca\u00f1\u00f3n<\/td>\n<td>$ 150.000<\/td>\n<\/tr>\n<\/tbody>\n<\/table>\n<p>[\/vc_column_text][vc_column_text]En el siguiente enlace puedes consultar la informaci\u00f3n sobre la programaci\u00f3n de cada curso:[\/vc_column_text][vc_column_text]<\/p>\n<p style=\"text-align: center;\"><a href=\"https:\/\/drive.google.com\/drive\/folders\/1ks2O3wu6-1iXQgBo9O4t7UcVT6VuEsEM?usp=drive_link\" target=\"_blank\" rel=\"noopener\"><button>Programaci\u00f3n<\/button><\/a><\/p>\n<p>[\/vc_column_text][\/vc_column][\/vc_row][\/vc_section][vc_row el_class=&#8221;container&#8221;][vc_column][vc_custom_heading text=&#8221;\u00a1IMPORTANTE!&#8221; font_container=&#8221;tag:h2|text_align:center|color:%23291814&#8243; use_theme_fonts=&#8221;yes&#8221; css=&#8221;.vc_custom_1726714866559{margin-bottom: 3.2rem !important;}&#8221;][vc_column_text]Para realizar el pago, puedes optar por TRANSFERENCIA BANCARIA o utilizar el BOT\u00d3N DE PAGO. Aseg\u00farate de considerar las tarifas de cada curso en el que deseas participar.<\/p>\n<p>Si vas a realizar un pago internacional, ten en cuenta el tipo de cambio del d\u00eda en que efectuar\u00e1s la transacci\u00f3n. Puedes hacerlo mediante transferencia bancaria o utilizando el bot\u00f3n de pago.<\/p>\n<p style=\"text-align: center;\"><strong>DATOS DE PAGO TRANSFERENCIA BANCARIA<\/strong><\/p>\n<p style=\"text-align: center;\"><strong>Los datos de pago son:<\/strong><br \/>\nCuenta de ahorros: 37700000672<br \/>\nBANCOLOMBIA<br \/>\nAsociaci\u00f3n Colombiana de Micolog\u00eda<br \/>\nNIT: 901385841-8<\/p>\n<p style=\"text-align: center;\"><strong>BOT\u00d3N DE PAGO<\/strong><\/p>\n<p>Al realizar el pago por esta modalidad se cobra un adicional de 6.000 pesos colombianos (COP). Este valor corresponde a la comisi\u00f3n efectuada por la plataforma.[\/vc_column_text][vc_column_text css=&#8221;.vc_custom_1726718089317{border-top-width: 2px !important;border-right-width: 2px !important;border-bottom-width: 2px !important;border-left-width: 2px !important;padding-top: 2.4rem !important;padding-right: 2.4rem !important;padding-bottom: 2.4rem !important;padding-left: 2.4rem !important;background-color: #ffffff !important;border-left-color: #d45003 !important;border-left-style: solid !important;border-right-color: #d45003 !important;border-right-style: solid !important;border-top-color: #d45003 !important;border-top-style: solid !important;border-bottom-color: #d45003 !important;border-bottom-style: solid !important;border-radius: 20px !important;}&#8221;]<\/p>\n<table>\n<thead>\n<tr>\n<th><strong>ITEM<\/strong><\/th>\n<th style=\"text-align: right;\"><strong>VALOR TOTAL<\/strong><\/th>\n<th><strong>BOT\u00d3N DE PAGO<\/strong><\/th>\n<\/tr>\n<\/thead>\n<tbody>\n<tr>\n<td>Descubriendo el mundo de las cervezas salvajes: elaboraci\u00f3n con levaduras silvestres.<\/td>\n<td style=\"text-align: right;\">366.000<\/td>\n<td><!-- ===================================================================== \/\/\/\/\/\/\/\/\/\/\/ Este es su bot\u00f3n de Bot\u00f3n de pago ePayco \/\/\/\/\/\/\/\/\/\/\/ ===================================================================== --><\/p>\n<form><script src='https:\/\/checkout.epayco.co\/checkout.js' data-epayco-key='11b9d283a4c3b3b41a5bb0a81f487ed7' class='epayco-button' data-epayco-amount='366000' data-epayco-tax='0.00' data-epayco-tax-ico='0.00' data-epayco-tax-base='366000' data-epayco-name='Curso_Descubriendo el mundo de las cervezas salvajes: elaboraci\u00f3n con levaduras silvestres.' data-epayco-description='Curso_Descubriendo el mundo de las cervezas salvajes: elaboraci\u00f3n con levaduras silvestres.' data-epayco-currency='cop' data-epayco-country='CO' data-epayco-test='false' data-epayco-external='false' data-epayco-response='' data-epayco-confirmation='' data-epayco-button='https:\/\/multimedia.epayco.co\/dashboard\/btns\/btn3.png'> \n            <\/script><\/form>\n<p><!-- ================================================================== --><\/td>\n<\/tr>\n<tr>\n<td>Producci\u00f3n de hongos comestibles y medicinales<\/td>\n<td style=\"text-align: right;\">366.000<\/td>\n<td><!-- ===================================================================== \/\/\/\/\/\/\/\/\/\/\/ Este es su bot\u00f3n de Bot\u00f3n de pago ePayco \/\/\/\/\/\/\/\/\/\/\/ ===================================================================== --><\/p>\n<form><script src='https:\/\/checkout.epayco.co\/checkout.js' data-epayco-key='11b9d283a4c3b3b41a5bb0a81f487ed7' class='epayco-button' data-epayco-amount='366000' data-epayco-tax='0.00' data-epayco-tax-ico='0.00' data-epayco-tax-base='366000' data-epayco-name='Curso_Producci\u00f3n de hongos comestibles y medicinales' data-epayco-description='Curso_Producci\u00f3n de hongos comestibles y medicinales' data-epayco-currency='cop' data-epayco-country='CO' data-epayco-test='false' data-epayco-external='false' data-epayco-response='' data-epayco-confirmation='' data-epayco-button='https:\/\/multimedia.epayco.co\/dashboard\/btns\/btn3.png'> \n            <\/script><\/form>\n<p><!-- ================================================================== --><\/td>\n<\/tr>\n<tr>\n<td>Curso biolog\u00eda y taxonom\u00eda de hongos de la madera<\/td>\n<td style=\"text-align: right;\">306.000<\/td>\n<td><!-- ===================================================================== \/\/\/\/\/\/\/\/\/\/\/ Este es su bot\u00f3n de Bot\u00f3n de pago ePayco \/\/\/\/\/\/\/\/\/\/\/ ===================================================================== --><\/p>\n<form><script src='https:\/\/checkout.epayco.co\/checkout.js' data-epayco-key='11b9d283a4c3b3b41a5bb0a81f487ed7' class='epayco-button' data-epayco-amount='306000' data-epayco-tax='0.00' data-epayco-tax-ico='0.00' data-epayco-tax-base='306000' data-epayco-name='Curso_biolog\u00eda y taxonom\u00eda de hongos de la madera' data-epayco-description='Curso_biolog\u00eda y taxonom\u00eda de hongos de la madera' data-epayco-currency='cop' data-epayco-country='CO' data-epayco-test='false' data-epayco-external='false' data-epayco-response='' data-epayco-confirmation='' data-epayco-button='https:\/\/multimedia.epayco.co\/dashboard\/btns\/btn3.png'> \n            <\/script><\/form>\n<p><!-- ================================================================== --><\/td>\n<\/tr>\n<tr>\n<td>Enfermedades que afectan la producci\u00f3n comercial de frutos tropicales: biolog\u00eda, diagn\u00f3stico y manejo<\/td>\n<td style=\"text-align: right;\">156.000<\/td>\n<td><!-- ===================================================================== \/\/\/\/\/\/\/\/\/\/\/ Este es su bot\u00f3n de Bot\u00f3n de pago ePayco \/\/\/\/\/\/\/\/\/\/\/ ===================================================================== --><\/p>\n<form><script src='https:\/\/checkout.epayco.co\/checkout.js' data-epayco-key='11b9d283a4c3b3b41a5bb0a81f487ed7' class='epayco-button' data-epayco-amount='156000' data-epayco-tax='0.00' data-epayco-tax-ico='0.00' data-epayco-tax-base='156000' data-epayco-name='Curso_Enfermedades que afectan la producci\u00f3n comercial de frutos tropicales: biolog\u00eda, diagn\u00f3stico y manejo' data-epayco-description='Curso_Enfermedades que afectan la producci\u00f3n comercial de frutos tropicales: biolog\u00eda, diagn\u00f3stico y manejo' data-epayco-currency='cop' data-epayco-country='CO' data-epayco-test='false' data-epayco-external='false' data-epayco-response='' data-epayco-confirmation='' data-epayco-button='https:\/\/multimedia.epayco.co\/dashboard\/btns\/btn3.png'> \n            <\/script><\/form>\n<p><!-- ================================================================== --><\/td>\n<\/tr>\n<tr>\n<td>Curso Interacciones planta &#8211; hongo: Un abordaje desde las \u00f3micas<\/td>\n<td style=\"text-align: right;\">306.000<\/td>\n<td><!-- ===================================================================== \/\/\/\/\/\/\/\/\/\/\/ Este es su bot\u00f3n de Bot\u00f3n de pago ePayco \/\/\/\/\/\/\/\/\/\/\/ ===================================================================== --><\/p>\n<form><script src='https:\/\/checkout.epayco.co\/checkout.js' data-epayco-key='11b9d283a4c3b3b41a5bb0a81f487ed7' class='epayco-button' data-epayco-amount='306000' data-epayco-tax='0.00' data-epayco-tax-ico='0.00' data-epayco-tax-base='306000' data-epayco-name='Curso_Interacciones planta - hongo: Un abordaje desde las \u00f3micas' data-epayco-description='Curso_Interacciones planta - hongo: Un abordaje desde las \u00f3micas' data-epayco-currency='cop' data-epayco-country='CO' data-epayco-test='false' data-epayco-external='false' data-epayco-response='' data-epayco-confirmation='' data-epayco-button='https:\/\/multimedia.epayco.co\/dashboard\/btns\/btn3.png'> \n            <\/script><\/form>\n<p><!-- ================================================================== --><\/td>\n<\/tr>\n<tr>\n<td>Investigaci\u00f3n y uso de la funga colombiana: aspectos t\u00e9cnicos y jur\u00eddicos<\/td>\n<td style=\"text-align: right;\">156.000<\/td>\n<td><!-- ===================================================================== \/\/\/\/\/\/\/\/\/\/\/ Este es su bot\u00f3n de Bot\u00f3n de pago ePayco \/\/\/\/\/\/\/\/\/\/\/ ===================================================================== --><\/p>\n<form><script src='https:\/\/checkout.epayco.co\/checkout.js' data-epayco-key='11b9d283a4c3b3b41a5bb0a81f487ed7' class='epayco-button' data-epayco-amount='156000' data-epayco-tax='0.00' data-epayco-tax-ico='0.00' data-epayco-tax-base='156000' data-epayco-name='Curso_Investigaci\u00f3n y uso de la funga colombiana: aspectos t\u00e9cnicos y jur\u00eddicos' data-epayco-description='Curso_Investigaci\u00f3n y uso de la funga colombiana: aspectos t\u00e9cnicos y jur\u00eddicos' data-epayco-currency='cop' data-epayco-country='CO' data-epayco-test='false' data-epayco-external='false' data-epayco-response='' data-epayco-confirmation='' data-epayco-button='https:\/\/multimedia.epayco.co\/dashboard\/btns\/btn3.png'> \n            <\/script><\/form>\n<p><!-- ================================================================== --><\/td>\n<\/tr>\n<tr>\n<td>An\u00e1lisis del conocimiento tradicional abordado desde los m\u00e9todos en etnomicolog\u00eda<\/td>\n<td style=\"text-align: right;\">156.000<\/td>\n<td><!-- ===================================================================== \/\/\/\/\/\/\/\/\/\/\/ Este es su bot\u00f3n de Bot\u00f3n de pago ePayco \/\/\/\/\/\/\/\/\/\/\/ ===================================================================== --><\/p>\n<form><script src='https:\/\/checkout.epayco.co\/checkout.js' data-epayco-key='11b9d283a4c3b3b41a5bb0a81f487ed7' class='epayco-button' data-epayco-amount='156000' data-epayco-tax='0.00' data-epayco-tax-ico='0.00' data-epayco-tax-base='156000' data-epayco-name='Curso_An\u00e1lisis del conocimiento tradicional abordado desde los m\u00e9todos en etnomicolog\u00eda' data-epayco-description='Curso_An\u00e1lisis del conocimiento tradicional abordado desde los m\u00e9todos en etnomicolog\u00eda' data-epayco-currency='cop' data-epayco-country='CO' data-epayco-test='false' data-epayco-external='false' data-epayco-response='' data-epayco-confirmation='' data-epayco-button='https:\/\/multimedia.epayco.co\/dashboard\/btns\/btn3.png'> \n            <\/script><\/form>\n<p><!-- ================================================================== --><\/td>\n<\/tr>\n<\/tbody>\n<\/table>\n<p>[\/vc_column_text][vc_column_text]<strong>POL\u00cdTICA DE CANCELACI\u00d3N Y REEMBOLSOS<\/strong><\/p>\n<ul>\n<li>Los cursos se abrir\u00e1n siempre y cuando se logre el cupo m\u00ednimo.<\/li>\n<li>En caso de no lograrse el cupo m\u00ednimo se reembolsar\u00e1 el 100% del dinero cancelado.<\/li>\n<li>En caso de lograrse el cupo m\u00ednimo y no poder asistir se desembolsar\u00e1 el 70% del dinero cancelado siempre y cuando se informe con 72 horas de anticipaci\u00f3n al correo del Congreso con el fin de darle la oportunidad a otra persona de asistir.<\/li>\n<li>Si no se informa de la no asistencia con al menos 72 horas de anticipaci\u00f3n, se reembolsar\u00e1 el 50% del valor consignado.<\/li>\n<li>Con tu inscripci\u00f3n alcanzamos el punto de equilibrio financiero necesario para realizar los cursos, es decir, el cupo m\u00ednimo para cubrir los gastos de los instructores y materiales, aunque sin generar utilidades. Sin embargo, si cancelas a \u00faltima hora, no podremos ofrecer tu cupo a otra persona y tendremos que realizar el curso con p\u00e9rdidas.<\/li>\n<\/ul>\n<p>Imagina que compras boletos para viajar, ir al teatro o a un concierto, y no puedes asistir una hora antes del evento. \u00bfPierdes todo el dinero, verdad? Con ASCOLMIC, no lo pierdes todo. Te reembolsamos la mitad porque entendemos que pueden surgir casos de fuerza mayor.[\/vc_column_text][\/vc_column][\/vc_row][vc_section full_width=&#8221;stretch_row_content&#8221;][vc_row el_class=&#8221;container&#8221;][vc_column width=&#8221;1\/6&#8243;][\/vc_column][vc_column width=&#8221;2\/3&#8243;][\/vc_column][vc_column width=&#8221;1\/6&#8243;][\/vc_column][\/vc_row][\/vc_section]<\/p>\n<\/div>","protected":false},"excerpt":{"rendered":"<p>[vc_section full_width=&#8221;stretch_row_content&#8221; css=&#8221;.vc_custom_1711482376551{background: #d85103 url(https:\/\/asociacioncolombianademicologia.org\/iicongresocolombianomicologia\/wp-content\/uploads\/2024\/03\/inscripciones.png?id=87) !important;background-position: center !important;background-repeat: no-repeat !important;background-size: cover !important;}&#8221; el_class=&#8221;header-inner-page&#8221;][vc_row el_class=&#8221;container&#8221;][vc_column][vc_custom_heading text=&#8221;Actividades II Congreso Colombiano de Micolog\u00eda&#8221; font_container=&#8221;tag:h1|text_align:left|color:%23ffffff&#8221; use_theme_fonts=&#8221;yes&#8221; el_class=&#8221;h1-title-innerpages&#8221;][\/vc_column][\/vc_row][\/vc_section][vc_section full_width=&#8221;stretch_row_content&#8221;][vc_row el_class=&#8221;container&#8221;][vc_column][vc_custom_heading text=&#8221;CURSOS PRE Y POSCONGRESO&#8221; font_container=&#8221;tag:h2|text_align:left|color:%23291814&#8243; use_theme_fonts=&#8221;yes&#8221; css=&#8221;.vc_custom_1726714585832{margin-bottom: 3.2rem !important;}&#8221;][vc_column_text]En el marco del II Congreso Colombiano de Micolog\u00eda, ofrecemos una serie de cursos pre y poscongreso dise\u00f1ados para profundizar en diversos [&hellip;]<\/p>\n","protected":false},"author":1,"featured_media":0,"parent":0,"menu_order":0,"comment_status":"closed","ping_status":"closed","template":"","meta":{"footnotes":""},"class_list":["post-12","page","type-page","status-publish","hentry"],"_links":{"self":[{"href":"https:\/\/asociacioncolombianademicologia.org\/iicongresocolombianomicologia\/wp-json\/wp\/v2\/pages\/12","targetHints":{"allow":["GET"]}}],"collection":[{"href":"https:\/\/asociacioncolombianademicologia.org\/iicongresocolombianomicologia\/wp-json\/wp\/v2\/pages"}],"about":[{"href":"https:\/\/asociacioncolombianademicologia.org\/iicongresocolombianomicologia\/wp-json\/wp\/v2\/types\/page"}],"author":[{"embeddable":true,"href":"https:\/\/asociacioncolombianademicologia.org\/iicongresocolombianomicologia\/wp-json\/wp\/v2\/users\/1"}],"replies":[{"embeddable":true,"href":"https:\/\/asociacioncolombianademicologia.org\/iicongresocolombianomicologia\/wp-json\/wp\/v2\/comments?post=12"}],"version-history":[{"count":16,"href":"https:\/\/asociacioncolombianademicologia.org\/iicongresocolombianomicologia\/wp-json\/wp\/v2\/pages\/12\/revisions"}],"predecessor-version":[{"id":336,"href":"https:\/\/asociacioncolombianademicologia.org\/iicongresocolombianomicologia\/wp-json\/wp\/v2\/pages\/12\/revisions\/336"}],"wp:attachment":[{"href":"https:\/\/asociacioncolombianademicologia.org\/iicongresocolombianomicologia\/wp-json\/wp\/v2\/media?parent=12"}],"curies":[{"name":"wp","href":"https:\/\/api.w.org\/{rel}","templated":true}]}}