{"id":14,"date":"2024-03-25T15:24:52","date_gmt":"2024-03-25T20:24:52","guid":{"rendered":"https:\/\/asociacioncolombianademicologia.org\/iicongresocolombianomicologia\/?page_id=14"},"modified":"2024-10-24T12:35:55","modified_gmt":"2024-10-24T17:35:55","slug":"resumenes","status":"publish","type":"page","link":"https:\/\/asociacioncolombianademicologia.org\/iicongresocolombianomicologia\/resumenes\/","title":{"rendered":"Res\u00famenes"},"content":{"rendered":"<div class=\"wpb-content-wrapper\"><p>[vc_section full_width=&#8221;stretch_row_content&#8221; css=&#8221;.vc_custom_1711482376551{background: #d85103 url(https:\/\/asociacioncolombianademicologia.org\/iicongresocolombianomicologia\/wp-content\/uploads\/2024\/03\/inscripciones.png?id=87) !important;background-position: center !important;background-repeat: no-repeat !important;background-size: cover !important;}&#8221; el_class=&#8221;header-inner-page&#8221;][vc_row el_class=&#8221;container&#8221;][vc_column][vc_custom_heading text=&#8221;Res\u00famenes&#8221; font_container=&#8221;tag:h1|text_align:left|color:%23ffffff&#8221; use_theme_fonts=&#8221;yes&#8221; el_class=&#8221;h1-title-innerpages&#8221;][\/vc_column][\/vc_row][\/vc_section][vc_section full_width=&#8221;stretch_row_content&#8221;][vc_row el_class=&#8221;container&#8221;][vc_column][vc_column_text]<strong>Ponencia orales<\/strong><\/p>\n<p>Le solicitamos preparar sus diapositivas en formato PowerPoint (.ppt, pptx) o en PDF (.pdf) considerando que dispondr\u00e1 de un total de 15 minutos para su charla. Le solicitamos reservar, al menos, 3 minutos para preguntas y respuestas. Esta presentaci\u00f3n deber\u00e1 ser cargada presencialmente en el escritorio de presentaciones que encontrar\u00e1 en la sede del evento con, al menos, un d\u00eda de anticipaci\u00f3n a su charla.<\/p>\n<p><strong>P\u00f3ster<\/strong><\/p>\n<p>El tama\u00f1o del p\u00f3ster debe ser de 90 x 60 cm. Puedes utilizar cualquier tipo de papel, aunque se recomienda uno de alta calidad para mejores resultados. Aseg\u00farate de incluir los siguientes elementos: T\u00edtulo de la ponencia, Nombre del autor(es) y afiliaci\u00f3n, Introducci\u00f3n y objetivos, Materiales y M\u00e9todos, Resultados, Conclusiones y Referencias. Utiliza fuentes legibles y colores que contrasten bien. Evita sobrecargar el p\u00f3ster con demasiado texto; usa gr\u00e1ficos y tablas para ilustrar tus puntos. Aseg\u00farate de que las im\u00e1genes y gr\u00e1ficos tengan alta resoluci\u00f3n.[\/vc_column_text][vc_column_text]<\/p>\n<p style=\"text-align: center;\"><a href=\"https:\/\/drive.google.com\/drive\/folders\/1m1qzcnss-WNgd2G-bX2bizAj4XrKhAJi?usp=sharing\" target=\"_blank\" rel=\"noopener\"><button>Enlace a las Plantillas<\/button><\/a><\/p>\n<p>[\/vc_column_text][\/vc_column][\/vc_row][\/vc_section][vc_section full_width=&#8221;stretch_row_content&#8221;][vc_row el_class=&#8221;container&#8221;][vc_column][vc_custom_heading text=&#8221;Premiaci\u00f3n&#8221; font_container=&#8221;tag:h2|text_align:left|color:%23291814&#8243; use_theme_fonts=&#8221;yes&#8221; css=&#8221;.vc_custom_1729791345426{margin-bottom: 3rem !important;}&#8221;][vc_column_text]Se premiar\u00e1n las siguientes categor\u00edas:<\/p>\n<ul>\n<li>Los tres mejores trabajos modalidad p\u00f3ster<\/li>\n<li>Los tres mejores trabajos modalidad ponencia oral<\/li>\n<\/ul>\n<p><strong>\u00a0<\/strong><strong>Evaluaci\u00f3n y selecci\u00f3n:<\/strong> La selecci\u00f3n se basar\u00e1 en la relevancia del tema, originalidad, metodolog\u00eda y contenido.[\/vc_column_text][vc_custom_heading text=&#8221;Memorias&#8221; font_container=&#8221;tag:h2|text_align:left|color:%23291814&#8243; use_theme_fonts=&#8221;yes&#8221; css=&#8221;.vc_custom_1729791351066{margin-bottom: 3rem !important;}&#8221;][vc_column_text]Los res\u00famenes del evento ser\u00e1n editados por el Sello Editorial de la Universidad Nacional Abierta y a Distancia. Este documento estar\u00e1 alojado en el repositorio de la universidad y contar\u00e1 con un DOI e ISSN (2981-3352). Las memorias ser\u00e1n enviadas al correo y publicadas en la p\u00e1gina de memorias del Sello Editorial de la Universidad Nacional Abierta y a Distancia.[\/vc_column_text][\/vc_column][\/vc_row][\/vc_section][vc_section full_width=&#8221;stretch_row_content&#8221; disable_element=&#8221;yes&#8221;][vc_row el_class=&#8221;container&#8221;][vc_column][\/vc_column][\/vc_row][vc_row disable_element=&#8221;yes&#8221; el_class=&#8221;container&#8221; css=&#8221;.vc_custom_1729791244161{margin-bottom: 3rem !important;}&#8221;][vc_column width=&#8221;1\/6&#8243;][\/vc_column][vc_column width=&#8221;2\/3&#8243; css=&#8221;.vc_custom_1711552740441{padding-top: 3rem !important;padding-right: 3rem !important;padding-bottom: 3rem !important;padding-left: 3rem !important;background-color: #ffffff !important;}&#8221;][vc_single_image image=&#8221;124&#8243; img_size=&#8221;full&#8221; alignment=&#8221;center&#8221;][vc_column_text el_class=&#8221;text-justify font-arial&#8221;]<span style=\"color: #ff0000;\"><strong>Nota: <\/strong>Todos los \u00edtems de este documento se deben diligenciar y son obligatorios tanto para modalidad p\u00f3ster como ponencia oral: T\u00edtulo de la presentaci\u00f3n en espa\u00f1ol e ingl\u00e9s, modalidad, l\u00ednea tem\u00e1tica,\u00a0 resumen en espa\u00f1ol e ingl\u00e9s, palabras clave en espa\u00f1ol e ingl\u00e9s, desarrollo de la ponencia y bibliograf\u00eda principal (M\u00e1ximo 5). Los agradecimientos son opcionales. La extensi\u00f3n m\u00e1xima del documento es de 4 p\u00e1ginas para todo el resumen en general, normas APA 7\u00aa edici\u00f3n. Utilice este formato y adj\u00fantelo en el enlace en formato word. Env\u00ede el resumen sin esta nota.<\/span>[\/vc_column_text][vc_column_text el_class=&#8221;text-justify font-arial&#8221;]<\/p>\n<p class=\"f-24\" style=\"text-align: center;\"><strong>T\u00cdTULO DE LA PRESENTACI\u00d3N EN ESPA\u00d1OL: M\u00c1XIMO 18 PALABRAS, CENTRADO, ARIAL, TAMA\u00d1O 14, MAY\u00daSCULA SOSTENIDA. EL T\u00cdTULO DEBE SER INFORMATIVO.<\/strong><br \/>\n<strong>T\u00cdTULO DE LA PRESENTACI\u00d3N EN INGL\u00c9S: M\u00c1XIMO 18 PALABRAS, CENTRADO, ARIAL, TAMA\u00d1O 14, MAY\u00daSCULA SOSTENIDA. EL T\u00cdTULO DEBE SER INFORMATIVO.<\/strong><\/p>\n<p style=\"text-align: center;\"><b>Modalidad: <\/b><span style=\"font-weight: 400;\">(Poster\/Oral)<\/span><\/p>\n<p style=\"text-align: center;\"><b>L\u00ednea tem\u00e1tica:<br \/>\n<\/b><\/p>\n<p style=\"text-align: center;\"><strong>Diligencie este \u00edtem si aplica: Trabajos de investigaci\u00f3n en fase inicial o en curso. <\/strong><\/p>\n<p style=\"text-align: center;\"><b>\u00a0<\/b><\/p>\n<p>Autor 1 \u2013 Nombres y Apellidos<br \/>\nPerfil e Instituci\u00f3n<br \/>\nORCID<br \/>\nemail. (Arial 12)<\/p>\n<p>Autor 2 \u2013 Nombres y Apellidos<br \/>\nPerfil e Instituci\u00f3n<br \/>\nORCID<br \/>\nemail. (Arial 12)<\/p>\n<p><strong>RESUMEN.<\/strong><\/p>\n<p>Presentaci\u00f3n del resumen de la ponencia. M\u00ednimo 250 a m\u00e1ximo 400 palabras en Arial 12, justificado, a espacio sencillo. Se aceptan res\u00famenes en espa\u00f1ol, ingl\u00e9s y portugu\u00e9s.<\/p>\n<p><strong>Palabras Clave.<\/strong><\/p>\n<p>M\u00e1ximo 6 palabras, diferentes al t\u00edtulo, separadas por punto y coma \u201c;\u201d. Arial 12.<\/p>\n<p><strong>ABSTRACT.<\/strong><\/p>\n<p>Presentation of the summary of the presentation\u2026<\/p>\n<p><strong>\u00a0<\/strong><strong>Keywords.<\/strong><\/p>\n<p>Maximum 6 words separated \u2026<\/p>\n<p><strong>Desarrollo de la Ponencia<\/strong><\/p>\n<p>En este espacio se espera que los autores presenten lo m\u00e1s representativo de su ponencia. (Arial 12). El texto debe incluir el planteamiento del problema, la justificaci\u00f3n, los objetivos, resultados, hallazgos esenciales y conclusiones m\u00e1s importantes del trabajo, sin subt\u00edtulos para cada secci\u00f3n, sin referencias, tablas o figuras.<\/p>\n<p><strong>BIBLIOGRAF\u00cdA.<\/strong><\/p>\n<p>Utilizar normas de acuerdo con la especialidad del evento, en este caso APA 7\u00aa edici\u00f3n.<\/p>\n<p><strong>AGRADECIMIENTOS.<\/strong><\/p>\n<p>Es importante escribir aqu\u00ed los agradecimientos a las instituciones financieras y personas que contribuyeron en la realizaci\u00f3n de su investigaci\u00f3n. Los proyectos financiados tienen un c\u00f3digo de proyecto o de contrato que debe ser referenciado aqu\u00ed.<\/p>\n<p>(Extensi\u00f3n M\u00e1xima 4 cuartillas para todo el resumen en general, normas APA 7\u00aa edici\u00f3n)[\/vc_column_text][\/vc_column][vc_column width=&#8221;1\/6&#8243;][\/vc_column][\/vc_row][vc_row disable_element=&#8221;yes&#8221; el_class=&#8221;container&#8221;][vc_column width=&#8221;1\/2&#8243;][vc_column_text]<\/p>\n<p style=\"text-align: center;\"><a href=\"https:\/\/docs.google.com\/document\/d\/1Y2WZyJDkr-HXG0oRYEeomkGPnm7fg2oX\/edit?usp=sharing&amp;ouid=114497966402262433797&amp;rtpof=true&amp;sd=true\" target=\"_blank\" rel=\"noopener\"><button>Descargar plantilla de resumen<\/button><\/a><\/p>\n<p>[\/vc_column_text][\/vc_column][vc_column width=&#8221;1\/2&#8243;][vc_column_text]<\/p>\n<p style=\"text-align: center;\"><a href=\"https:\/\/docs.google.com\/forms\/d\/e\/1FAIpQLSeSmWldM7N5jDKWBfB3INSMcIFpXe1-IimpVj9PdUCWo5wERw\/viewform?usp=sf_link\" target=\"_blank\" rel=\"noopener\"><button>Formulario de env\u00edo de resumen<\/button><\/a><\/p>\n<p>[\/vc_column_text][\/vc_column][\/vc_row][\/vc_section]<\/p>\n<\/div>","protected":false},"excerpt":{"rendered":"<p>[vc_section full_width=&#8221;stretch_row_content&#8221; css=&#8221;.vc_custom_1711482376551{background: #d85103 url(https:\/\/asociacioncolombianademicologia.org\/iicongresocolombianomicologia\/wp-content\/uploads\/2024\/03\/inscripciones.png?id=87) !important;background-position: center !important;background-repeat: no-repeat !important;background-size: cover !important;}&#8221; el_class=&#8221;header-inner-page&#8221;][vc_row el_class=&#8221;container&#8221;][vc_column][vc_custom_heading text=&#8221;Res\u00famenes&#8221; font_container=&#8221;tag:h1|text_align:left|color:%23ffffff&#8221; use_theme_fonts=&#8221;yes&#8221; el_class=&#8221;h1-title-innerpages&#8221;][\/vc_column][\/vc_row][\/vc_section][vc_section full_width=&#8221;stretch_row_content&#8221;][vc_row el_class=&#8221;container&#8221;][vc_column][vc_column_text]Ponencia orales Le solicitamos preparar sus diapositivas en formato PowerPoint (.ppt, pptx) o en PDF (.pdf) considerando que dispondr\u00e1 de un total de 15 minutos para su charla. Le solicitamos reservar, al menos, 3 minutos para [&hellip;]<\/p>\n","protected":false},"author":1,"featured_media":0,"parent":0,"menu_order":0,"comment_status":"closed","ping_status":"closed","template":"","meta":{"footnotes":""},"class_list":["post-14","page","type-page","status-publish","hentry"],"_links":{"self":[{"href":"https:\/\/asociacioncolombianademicologia.org\/iicongresocolombianomicologia\/wp-json\/wp\/v2\/pages\/14","targetHints":{"allow":["GET"]}}],"collection":[{"href":"https:\/\/asociacioncolombianademicologia.org\/iicongresocolombianomicologia\/wp-json\/wp\/v2\/pages"}],"about":[{"href":"https:\/\/asociacioncolombianademicologia.org\/iicongresocolombianomicologia\/wp-json\/wp\/v2\/types\/page"}],"author":[{"embeddable":true,"href":"https:\/\/asociacioncolombianademicologia.org\/iicongresocolombianomicologia\/wp-json\/wp\/v2\/users\/1"}],"replies":[{"embeddable":true,"href":"https:\/\/asociacioncolombianademicologia.org\/iicongresocolombianomicologia\/wp-json\/wp\/v2\/comments?post=14"}],"version-history":[{"count":27,"href":"https:\/\/asociacioncolombianademicologia.org\/iicongresocolombianomicologia\/wp-json\/wp\/v2\/pages\/14\/revisions"}],"predecessor-version":[{"id":351,"href":"https:\/\/asociacioncolombianademicologia.org\/iicongresocolombianomicologia\/wp-json\/wp\/v2\/pages\/14\/revisions\/351"}],"wp:attachment":[{"href":"https:\/\/asociacioncolombianademicologia.org\/iicongresocolombianomicologia\/wp-json\/wp\/v2\/media?parent=14"}],"curies":[{"name":"wp","href":"https:\/\/api.w.org\/{rel}","templated":true}]}}