{"id":16,"date":"2024-03-25T15:24:58","date_gmt":"2024-03-25T20:24:58","guid":{"rendered":"https:\/\/asociacioncolombianademicologia.org\/iicongresocolombianomicologia\/?page_id=16"},"modified":"2024-09-25T19:31:06","modified_gmt":"2024-09-26T00:31:06","slug":"programacion","status":"publish","type":"page","link":"https:\/\/asociacioncolombianademicologia.org\/iicongresocolombianomicologia\/programacion\/","title":{"rendered":"Programaci\u00f3n"},"content":{"rendered":"<div class=\"wpb-content-wrapper\"><p>[vc_section full_width=&#8221;stretch_row_content&#8221; css=&#8221;.vc_custom_1711482376551{background: #d85103 url(https:\/\/asociacioncolombianademicologia.org\/iicongresocolombianomicologia\/wp-content\/uploads\/2024\/03\/inscripciones.png?id=87) !important;background-position: center !important;background-repeat: no-repeat !important;background-size: cover !important;}&#8221; el_class=&#8221;header-inner-page&#8221;][vc_row el_class=&#8221;container&#8221;][vc_column][vc_custom_heading text=&#8221;Programaci\u00f3n&#8221; font_container=&#8221;tag:h1|text_align:left|color:%23ffffff&#8221; use_theme_fonts=&#8221;yes&#8221; el_class=&#8221;h1-title-innerpages&#8221;][\/vc_column][\/vc_row][\/vc_section][vc_section full_width=&#8221;stretch_row_content&#8221;][vc_row el_class=&#8221;container&#8221;][vc_column][vc_custom_heading text=&#8221;Programaci\u00f3n Evento&#8221; font_container=&#8221;tag:h2|text_align:center|color:%23ffffff&#8221; use_theme_fonts=&#8221;yes&#8221; css=&#8221;.vc_custom_1726714260974{margin-bottom: 3.2rem !important;padding-top: 1.6rem !important;padding-right: 2.4rem !important;padding-bottom: 1.6rem !important;padding-left: 2.4rem !important;background-color: #d45003 !important;border-radius: 20px !important;}&#8221;][vc_column_text]En el siguiente enlace puedes consultar la informaci\u00f3n sobre la programaci\u00f3n preliminar del evento:[\/vc_column_text][vc_column_text]<\/p>\n<p style=\"text-align: center;\"><a href=\"https:\/\/drive.google.com\/drive\/folders\/14_rv5a3jf-tIGpId1w_ve9yS2pZCyGUW?usp=sharing\" target=\"_blank\" rel=\"noopener\"><button>Ver programaci\u00f3n<\/button><\/a><\/p>\n<p>[\/vc_column_text][\/vc_column][\/vc_row][\/vc_section][vc_section full_width=&#8221;stretch_row_content&#8221;][vc_row el_class=&#8221;container&#8221;][vc_column][vc_custom_heading text=&#8221;Ponentes magistrales&#8221; font_container=&#8221;tag:h2|text_align:center|color:%23ffffff&#8221; use_theme_fonts=&#8221;yes&#8221; css=&#8221;.vc_custom_1719320978023{margin-bottom: 3.2rem !important;padding-top: 1.6rem !important;padding-right: 2.4rem !important;padding-bottom: 1.6rem !important;padding-left: 2.4rem !important;background-color: #d45003 !important;border-radius: 20px !important;}&#8221;][\/vc_column][\/vc_row][\/vc_section][vc_section full_width=&#8221;stretch_row_content&#8221;][vc_row el_class=&#8221;container&#8221; css=&#8221;.vc_custom_1719323550850{margin-bottom: 3rem !important;border-top-width: 3px !important;border-right-width: 3px !important;border-bottom-width: 3px !important;border-left-width: 3px !important;padding-top: 2.4rem !important;padding-right: 2.4rem !important;padding-bottom: 2.4rem !important;padding-left: 2.4rem !important;border-left-color: rgba(10,10,10,0.08) !important;border-left-style: solid !important;border-right-color: rgba(10,10,10,0.08) !important;border-right-style: solid !important;border-top-color: rgba(10,10,10,0.08) !important;border-top-style: solid !important;border-bottom-color: rgba(10,10,10,0.08) !important;border-bottom-style: solid !important;border-radius: 20px !important;}&#8221;][vc_column width=&#8221;1\/4&#8243;][vc_single_image image=&#8221;265&#8243; img_size=&#8221;full&#8221; alignment=&#8221;center&#8221; style=&#8221;vc_box_rounded&#8221;][\/vc_column][vc_column width=&#8221;3\/4&#8243;][vc_custom_heading text=&#8221;Dr. Mario Rajchenberg&#8221; font_container=&#8221;tag:h2|text_align:left|color:%23291814&#8243; use_theme_fonts=&#8221;yes&#8221; css=&#8221;.vc_custom_1719321021098{margin-bottom: 3.2rem !important;}&#8221;][vc_column_text]Doctor en Ciencias Biol\u00f3gicas. Investigador Superior del CONICET (2019-contin\u00faa Ad Honorem). Profesor Titular ordinario DS, U.N. de la Patagonia S.J. Bosco (1998-2022). Coordinador \u00c1rea Fitopatolog\u00eda y Microbiolog\u00eda Aplicada, Centro de Investigaci\u00f3n y Extensi\u00f3n Forestal Andino Patag\u00f3nico (1993-2002, 2018-2022). Presidente Asociaci\u00f3n Micol\u00f3gica Carlos Spegazzini (2015-2018). Especialista en Micolog\u00eda y Patolog\u00eda Forestal.<\/p>\n<p><strong>Ponencia: <em>\u201cSexo, alimentaci\u00f3n y comportamiento en la filogenia de los Agaricomycetes\u201d<\/em><\/strong>[\/vc_column_text][\/vc_column][\/vc_row][vc_row el_class=&#8221;container&#8221; css=&#8221;.vc_custom_1719323555295{margin-bottom: 3rem !important;border-top-width: 3px !important;border-right-width: 3px !important;border-bottom-width: 3px !important;border-left-width: 3px !important;padding-top: 2.4rem !important;padding-right: 2.4rem !important;padding-bottom: 2.4rem !important;padding-left: 2.4rem !important;border-left-color: rgba(10,10,10,0.08) !important;border-left-style: solid !important;border-right-color: rgba(10,10,10,0.08) !important;border-right-style: solid !important;border-top-color: rgba(10,10,10,0.08) !important;border-top-style: solid !important;border-bottom-color: rgba(10,10,10,0.08) !important;border-bottom-style: solid !important;border-radius: 20px !important;}&#8221;][vc_column width=&#8221;1\/4&#8243;][vc_single_image image=&#8221;267&#8243; img_size=&#8221;full&#8221; alignment=&#8221;center&#8221; style=&#8221;vc_box_rounded&#8221;][\/vc_column][vc_column width=&#8221;3\/4&#8243;][vc_custom_heading text=&#8221;Dra. Julia L. Fari\u00f1a&#8221; font_container=&#8221;tag:h2|text_align:left|color:%23291814&#8243; use_theme_fonts=&#8221;yes&#8221; css=&#8221;.vc_custom_1719322496637{margin-bottom: 3.2rem !important;}&#8221;][vc_column_text]Doctora en Bioqu\u00edmica (UNT) en el \u00e1rea de biopol\u00edmeros f\u00fangicos. Especializaci\u00f3n en reolog\u00eda y modelado matem\u00e1tico (Madrid), postdoctorado en biorremediaci\u00f3n y microbiolog\u00eda molecular (Essex). Investigadora Principal en PROIMI-CONICET (Tucum\u00e1n), Laboratorio de Micodiversidad &amp; Micoprospecci\u00f3n. Experticia en Biotecnolog\u00eda de Hongos y prospecci\u00f3n de la micodiversidad nativa, particularmente de la selva subtropical de Las Yungas.<\/p>\n<p><strong>Ponencia: <em>\u201cLos hongos como aliados innovadores y vers\u00e1tiles frente a necesidades emergentes: una \u00e9poca dorada para la micotecnolog\u00eda\u201d<\/em><\/strong>[\/vc_column_text][\/vc_column][\/vc_row][vc_row el_class=&#8221;container&#8221; css=&#8221;.vc_custom_1719323559472{margin-bottom: 3rem !important;border-top-width: 3px !important;border-right-width: 3px !important;border-bottom-width: 3px !important;border-left-width: 3px !important;padding-top: 2.4rem !important;padding-right: 2.4rem !important;padding-bottom: 2.4rem !important;padding-left: 2.4rem !important;border-left-color: rgba(10,10,10,0.08) !important;border-left-style: solid !important;border-right-color: rgba(10,10,10,0.08) !important;border-right-style: solid !important;border-top-color: rgba(10,10,10,0.08) !important;border-top-style: solid !important;border-bottom-color: rgba(10,10,10,0.08) !important;border-bottom-style: solid !important;border-radius: 20px !important;}&#8221;][vc_column width=&#8221;1\/4&#8243;][vc_single_image image=&#8221;272&#8243; img_size=&#8221;full&#8221; alignment=&#8221;center&#8221; style=&#8221;vc_box_rounded&#8221;][\/vc_column][vc_column width=&#8221;3\/4&#8243;][vc_custom_heading text=&#8221;Dra. Mara Ximena Haro&#8221; font_container=&#8221;tag:h2|text_align:left|color:%23291814&#8243; use_theme_fonts=&#8221;yes&#8221; css=&#8221;.vc_custom_1719322537354{margin-bottom: 3.2rem !important;}&#8221;][vc_column_text]Doctora en Biosistem\u00e1tica Ecolog\u00eda y Manejo de Recursos Naturales. Especialista en Etnomicolog\u00eda. Centro Universitario de Ciencias Biol\u00f3gicas y Agropecuarias CUCBA, UDG.<\/p>\n<p><strong>Ponencia: <em>\u201cErosi\u00f3n del conocimiento micol\u00f3gico tradicional: Caso de mestizos y wixaritari del norte de Jalisco\u201d <\/em><\/strong>[\/vc_column_text][\/vc_column][\/vc_row][vc_row el_class=&#8221;container&#8221; css=&#8221;.vc_custom_1719323563867{margin-bottom: 3rem !important;border-top-width: 3px !important;border-right-width: 3px !important;border-bottom-width: 3px !important;border-left-width: 3px !important;padding-top: 2.4rem !important;padding-right: 2.4rem !important;padding-bottom: 2.4rem !important;padding-left: 2.4rem !important;border-left-color: rgba(10,10,10,0.08) !important;border-left-style: solid !important;border-right-color: rgba(10,10,10,0.08) !important;border-right-style: solid !important;border-top-color: rgba(10,10,10,0.08) !important;border-top-style: solid !important;border-bottom-color: rgba(10,10,10,0.08) !important;border-bottom-style: solid !important;border-radius: 20px !important;}&#8221;][vc_column width=&#8221;1\/4&#8243;][vc_single_image image=&#8221;273&#8243; img_size=&#8221;full&#8221; alignment=&#8221;center&#8221; style=&#8221;vc_box_rounded&#8221;][\/vc_column][vc_column width=&#8221;3\/4&#8243;][vc_custom_heading text=&#8221;Dra. Romina Gazis&#8221; font_container=&#8221;tag:h2|text_align:left|color:%23291814&#8243; use_theme_fonts=&#8221;yes&#8221; css=&#8221;.vc_custom_1719322799887{margin-bottom: 3.2rem !important;}&#8221;][vc_column_text]Doctora en Ciencias Vegetales. Departamento de Ciencias Vegetales y Arquitectura del Paisaje, Universidad de Maryland (UMD). Profesora Asociada y Especialista en Extensi\u00f3n. Directora de la Cl\u00ednica de Diagn\u00f3stico de Plantas del Departamento de Fitopatolog\u00eda del Centro de Investigaci\u00f3n y Educaci\u00f3n Tropical de la IFAS, Universidad de Florida.<\/p>\n<p><strong>Ponencia: <\/strong><em>\u201cEnfermedades de plantas causadas por hongos en cultivos\u201d<\/em>[\/vc_column_text][\/vc_column][\/vc_row][vc_row el_class=&#8221;container&#8221; css=&#8221;.vc_custom_1719323569777{margin-bottom: 3rem !important;border-top-width: 3px !important;border-right-width: 3px !important;border-bottom-width: 3px !important;border-left-width: 3px !important;padding-top: 2.4rem !important;padding-right: 2.4rem !important;padding-bottom: 2.4rem !important;padding-left: 2.4rem !important;border-left-color: rgba(10,10,10,0.08) !important;border-left-style: solid !important;border-right-color: rgba(10,10,10,0.08) !important;border-right-style: solid !important;border-top-color: rgba(10,10,10,0.08) !important;border-top-style: solid !important;border-bottom-color: rgba(10,10,10,0.08) !important;border-bottom-style: solid !important;border-radius: 20px !important;}&#8221;][vc_column width=&#8221;1\/4&#8243;][vc_single_image image=&#8221;271&#8243; img_size=&#8221;full&#8221; alignment=&#8221;center&#8221; style=&#8221;vc_box_rounded&#8221;][\/vc_column][vc_column width=&#8221;3\/4&#8243;][vc_custom_heading text=&#8221;Dr. Javier Tabima&#8221; font_container=&#8221;tag:h2|text_align:left|color:%23291814&#8243; use_theme_fonts=&#8221;yes&#8221; css=&#8221;.vc_custom_1719322870463{margin-bottom: 3.2rem !important;}&#8221;][vc_column_text]Doctor en Bot\u00e1nica y Patolog\u00eda Vegetal. Universidad Estatal de Oreg\u00f3n. Corvallis, Oreg\u00f3n. Profesor Asistente de Gen\u00f3mica en el Departamento de Biolog\u00eda de la Universidad de Clark. Especialista en patrones de evoluci\u00f3n gen\u00f3mica de especies y poblaciones f\u00fangicas.<\/p>\n<p><strong>Ponencia: \u201c<em>Microhongos y macrobiota: Evoluci\u00f3n y diversidad f\u00fangica en el tracto gastrointestinal de anfibio\u201d<\/em><\/strong>[\/vc_column_text][\/vc_column][\/vc_row][vc_row el_class=&#8221;container&#8221; css=&#8221;.vc_custom_1719323574804{margin-bottom: 3rem !important;border-top-width: 3px !important;border-right-width: 3px !important;border-bottom-width: 3px !important;border-left-width: 3px !important;padding-top: 2.4rem !important;padding-right: 2.4rem !important;padding-bottom: 2.4rem !important;padding-left: 2.4rem !important;border-left-color: rgba(10,10,10,0.08) !important;border-left-style: solid !important;border-right-color: rgba(10,10,10,0.08) !important;border-right-style: solid !important;border-top-color: rgba(10,10,10,0.08) !important;border-top-style: solid !important;border-bottom-color: rgba(10,10,10,0.08) !important;border-bottom-style: solid !important;border-radius: 20px !important;}&#8221;][vc_column width=&#8221;1\/4&#8243;][vc_single_image image=&#8221;269&#8243; img_size=&#8221;full&#8221; alignment=&#8221;center&#8221; style=&#8221;vc_box_rounded&#8221;][\/vc_column][vc_column width=&#8221;3\/4&#8243;][vc_custom_heading text=&#8221;Dra. Margarita In\u00e9s Hern\u00e1ndez Restrepo&#8221; font_container=&#8221;tag:h2|text_align:left|color:%23291814&#8243; use_theme_fonts=&#8221;yes&#8221; css=&#8221;.vc_custom_1719322942435{margin-bottom: 3.2rem !important;}&#8221;][vc_column_text]Doctora afiliada al <a href=\"https:\/\/www.researchgate.net\/institution\/Westerdijk_Fungal_Biodiversity_Institute?_tp=eyJjb250ZXh0Ijp7ImZpcnN0UGFnZSI6Il9kaXJlY3QiLCJwYWdlIjoicHJvZmlsZSIsInByZXZpb3VzUGFnZSI6Il9kaXJlY3QifX0\">Instituto de Biodiversidad F\u00fangica de Westerdijk. Laboratorio de Fitopatolog\u00eda Evolutiva<\/a>. Especialista en colecciones.<\/p>\n<p><strong>Ponencia: <em>\u201cPreservando hongos para el futuro\u201d. <\/em><\/strong>[\/vc_column_text][\/vc_column][\/vc_row][vc_row el_class=&#8221;container&#8221; css=&#8221;.vc_custom_1719323582513{margin-bottom: 3rem !important;border-top-width: 3px !important;border-right-width: 3px !important;border-bottom-width: 3px !important;border-left-width: 3px !important;padding-top: 2.4rem !important;padding-right: 2.4rem !important;padding-bottom: 2.4rem !important;padding-left: 2.4rem !important;border-left-color: rgba(10,10,10,0.08) !important;border-left-style: solid !important;border-right-color: rgba(10,10,10,0.08) !important;border-right-style: solid !important;border-top-color: rgba(10,10,10,0.08) !important;border-top-style: solid !important;border-bottom-color: rgba(10,10,10,0.08) !important;border-bottom-style: solid !important;border-radius: 20px !important;}&#8221;][vc_column width=&#8221;1\/4&#8243;][vc_single_image image=&#8221;270&#8243; img_size=&#8221;full&#8221; alignment=&#8221;center&#8221; style=&#8221;vc_box_rounded&#8221;][\/vc_column][vc_column width=&#8221;3\/4&#8243;][vc_custom_heading text=&#8221;Dr. Carlos Pardo de la Hoz&#8221; font_container=&#8221;tag:h2|text_align:left|color:%23291814&#8243; use_theme_fonts=&#8221;yes&#8221; css=&#8221;.vc_custom_1719322988514{margin-bottom: 3.2rem !important;}&#8221;][vc_column_text]Candidato Doctoral en Biolog\u00eda de la Universidad de Duke. Afiliado al laboratorio del Dr. Fran\u00e7ois Lutzoni, en la Universidad de Duke en Carolina del Norte, EE. UU. Se ha centrado en desarrollar marcos filogen\u00e9ticos para entender los patrones y mecanismos detr\u00e1s de la especializaci\u00f3n ecol\u00f3gica entre hongos y organismos fotosint\u00e9ticos.<\/p>\n<p><strong>Ponencia:<em> \u201cMecanismos espaciales y evolutivos que determinan la especializaci\u00f3n en cianol\u00edquenes\u201d.<\/em><\/strong>[\/vc_column_text][\/vc_column][\/vc_row][vc_row el_class=&#8221;container&#8221; css=&#8221;.vc_custom_1719323587867{margin-bottom: 3rem !important;border-top-width: 3px !important;border-right-width: 3px !important;border-bottom-width: 3px !important;border-left-width: 3px !important;padding-top: 2.4rem !important;padding-right: 2.4rem !important;padding-bottom: 2.4rem !important;padding-left: 2.4rem !important;border-left-color: rgba(10,10,10,0.08) !important;border-left-style: solid !important;border-right-color: rgba(10,10,10,0.08) !important;border-right-style: solid !important;border-top-color: rgba(10,10,10,0.08) !important;border-top-style: solid !important;border-bottom-color: rgba(10,10,10,0.08) !important;border-bottom-style: solid !important;border-radius: 20px !important;}&#8221;][vc_column width=&#8221;1\/4&#8243;][vc_single_image image=&#8221;266&#8243; img_size=&#8221;full&#8221; alignment=&#8221;center&#8221; style=&#8221;vc_box_rounded&#8221;][\/vc_column][vc_column width=&#8221;3\/4&#8243;][vc_custom_heading text=&#8221;Dra. Adriana Celis&#8221; font_container=&#8221;tag:h2|text_align:left|color:%23291814&#8243; use_theme_fonts=&#8221;yes&#8221; css=&#8221;.vc_custom_1719323019189{margin-bottom: 3.2rem !important;}&#8221;][vc_column_text]Doctora en Ciencias de la Vida de la Universidad de Utrecht, Utrecht. Profesora asistente del Departamento de Ciencias Biol\u00f3gicas y directora del grupo de investigaci\u00f3n en Biolog\u00eda Celular y Molecular de microorganismos pat\u00f3genos (CeMoP) de la Universidad de los Andes, Bogot\u00e1, Colombia. Especialista en Micolog\u00eda m\u00e9dica.<\/p>\n<p><strong>Ponencia: \u00a8<em>Hongos vs hu\u00e9sped: Modelos experimentales para el estudio de interacci\u00f3n\u00a8.<\/em><\/strong>[\/vc_column_text][\/vc_column][\/vc_row][vc_row el_class=&#8221;container&#8221; css=&#8221;.vc_custom_1719323593351{margin-bottom: 3rem !important;border-top-width: 3px !important;border-right-width: 3px !important;border-bottom-width: 3px !important;border-left-width: 3px !important;padding-top: 2.4rem !important;padding-right: 2.4rem !important;padding-bottom: 2.4rem !important;padding-left: 2.4rem !important;border-left-color: rgba(10,10,10,0.08) !important;border-left-style: solid !important;border-right-color: rgba(10,10,10,0.08) !important;border-right-style: solid !important;border-top-color: rgba(10,10,10,0.08) !important;border-top-style: solid !important;border-bottom-color: rgba(10,10,10,0.08) !important;border-bottom-style: solid !important;border-radius: 20px !important;}&#8221;][vc_column width=&#8221;1\/4&#8243;][vc_single_image image=&#8221;268&#8243; img_size=&#8221;full&#8221; alignment=&#8221;center&#8221; style=&#8221;vc_box_rounded&#8221;][\/vc_column][vc_column width=&#8221;3\/4&#8243;][vc_custom_heading text=&#8221;Dr. Kadri P\u00f5ldmaa&#8221; font_container=&#8221;tag:h2|text_align:left|color:%23291814&#8243; use_theme_fonts=&#8221;yes&#8221; css=&#8221;.vc_custom_1719323055174{margin-bottom: 3.2rem !important;}&#8221;][vc_column_text]Doctora en Bot\u00e1nica y Micolog\u00eda en la Universidad de Tartu. Su tesis de doctorado se centr\u00f3 en los estudios de la sistem\u00e1tica de los g\u00e9neros Hypomyces y g\u00e9neros afines (Hypocreales, Ascomycota). Su investigaci\u00f3n se centra en la taxonom\u00eda y distribuci\u00f3n de hongos, incluyendo aquellos que crecen en cuerpos fruct\u00edferos de la familia Hypocreaceae a nivel mundial y los microhongos asociados a los cuerpos fruct\u00edferos y otros hongos de Estonia.<\/p>\n<p><strong>Ponencia: <em>&#8220;Combinaci\u00f3n de datos derivados de eDNA y muestras para avanzar en la investigaci\u00f3n y aplicaciones de hongos&#8221;<\/em><\/strong>[\/vc_column_text][\/vc_column][\/vc_row][\/vc_section]<\/p>\n<\/div>","protected":false},"excerpt":{"rendered":"<p>[vc_section full_width=&#8221;stretch_row_content&#8221; css=&#8221;.vc_custom_1711482376551{background: #d85103 url(https:\/\/asociacioncolombianademicologia.org\/iicongresocolombianomicologia\/wp-content\/uploads\/2024\/03\/inscripciones.png?id=87) !important;background-position: center !important;background-repeat: no-repeat !important;background-size: cover !important;}&#8221; el_class=&#8221;header-inner-page&#8221;][vc_row el_class=&#8221;container&#8221;][vc_column][vc_custom_heading text=&#8221;Programaci\u00f3n&#8221; font_container=&#8221;tag:h1|text_align:left|color:%23ffffff&#8221; use_theme_fonts=&#8221;yes&#8221; el_class=&#8221;h1-title-innerpages&#8221;][\/vc_column][\/vc_row][\/vc_section][vc_section full_width=&#8221;stretch_row_content&#8221;][vc_row el_class=&#8221;container&#8221;][vc_column][vc_custom_heading text=&#8221;Programaci\u00f3n Evento&#8221; font_container=&#8221;tag:h2|text_align:center|color:%23ffffff&#8221; use_theme_fonts=&#8221;yes&#8221; css=&#8221;.vc_custom_1726714260974{margin-bottom: 3.2rem !important;padding-top: 1.6rem !important;padding-right: 2.4rem !important;padding-bottom: 1.6rem !important;padding-left: 2.4rem !important;background-color: #d45003 !important;border-radius: 20px !important;}&#8221;][vc_column_text]En el siguiente enlace puedes consultar la informaci\u00f3n sobre la programaci\u00f3n preliminar del evento:[\/vc_column_text][vc_column_text] Ver programaci\u00f3n [\/vc_column_text][\/vc_column][\/vc_row][\/vc_section][vc_section [&hellip;]<\/p>\n","protected":false},"author":1,"featured_media":0,"parent":0,"menu_order":0,"comment_status":"closed","ping_status":"closed","template":"","meta":{"footnotes":""},"class_list":["post-16","page","type-page","status-publish","hentry"],"_links":{"self":[{"href":"https:\/\/asociacioncolombianademicologia.org\/iicongresocolombianomicologia\/wp-json\/wp\/v2\/pages\/16","targetHints":{"allow":["GET"]}}],"collection":[{"href":"https:\/\/asociacioncolombianademicologia.org\/iicongresocolombianomicologia\/wp-json\/wp\/v2\/pages"}],"about":[{"href":"https:\/\/asociacioncolombianademicologia.org\/iicongresocolombianomicologia\/wp-json\/wp\/v2\/types\/page"}],"author":[{"embeddable":true,"href":"https:\/\/asociacioncolombianademicologia.org\/iicongresocolombianomicologia\/wp-json\/wp\/v2\/users\/1"}],"replies":[{"embeddable":true,"href":"https:\/\/asociacioncolombianademicologia.org\/iicongresocolombianomicologia\/wp-json\/wp\/v2\/comments?post=16"}],"version-history":[{"count":8,"href":"https:\/\/asociacioncolombianademicologia.org\/iicongresocolombianomicologia\/wp-json\/wp\/v2\/pages\/16\/revisions"}],"predecessor-version":[{"id":333,"href":"https:\/\/asociacioncolombianademicologia.org\/iicongresocolombianomicologia\/wp-json\/wp\/v2\/pages\/16\/revisions\/333"}],"wp:attachment":[{"href":"https:\/\/asociacioncolombianademicologia.org\/iicongresocolombianomicologia\/wp-json\/wp\/v2\/media?parent=16"}],"curies":[{"name":"wp","href":"https:\/\/api.w.org\/{rel}","templated":true}]}}