{"id":18,"date":"2024-03-25T15:25:04","date_gmt":"2024-03-25T20:25:04","guid":{"rendered":"https:\/\/asociacioncolombianademicologia.org\/iicongresocolombianomicologia\/?page_id=18"},"modified":"2024-04-07T12:39:47","modified_gmt":"2024-04-07T17:39:47","slug":"sede","status":"publish","type":"page","link":"https:\/\/asociacioncolombianademicologia.org\/iicongresocolombianomicologia\/sede\/","title":{"rendered":"Sede"},"content":{"rendered":"<div class=\"wpb-content-wrapper\"><p>[vc_section full_width=&#8221;stretch_row_content&#8221; css=&#8221;.vc_custom_1711482376551{background: #d85103 url(https:\/\/asociacioncolombianademicologia.org\/iicongresocolombianomicologia\/wp-content\/uploads\/2024\/03\/inscripciones.png?id=87) !important;background-position: center !important;background-repeat: no-repeat !important;background-size: cover !important;}&#8221; el_class=&#8221;header-inner-page&#8221;][vc_row el_class=&#8221;container&#8221;][vc_column][vc_custom_heading text=&#8221;Ibagu\u00e9, capital musical de colombia&#8221; font_container=&#8221;tag:h1|text_align:left|color:%23ffffff&#8221; use_theme_fonts=&#8221;yes&#8221; el_class=&#8221;h1-title-innerpages&#8221;][\/vc_column][\/vc_row][\/vc_section][vc_section full_width=&#8221;stretch_row_content&#8221;][vc_row el_class=&#8221;container&#8221;][vc_column][vc_column_text]El II Congreso Colombiano de Micolog\u00eda se llevar\u00e1 a cabo en la hermosa ciudad de Ibagu\u00e9, ubicada en el departamento del Tolima, Colombia. Ibagu\u00e9, conocida como la &#8220;Ciudad Musical&#8221;, ofrece una mezcla \u00fanica de cultura, historia y naturaleza. A continuaci\u00f3n, encontrar\u00e1 informaci\u00f3n tur\u00edstica sobre la ciudad y el departamento, as\u00ed como un mapa para ayudarle a ubicarse. \u00a1Esperamos que disfrute de su estancia en esta encantadora regi\u00f3n![\/vc_column_text][\/vc_column][\/vc_row][vc_row el_class=&#8221;container&#8221;][vc_column][vc_video link=&#8221;https:\/\/youtu.be\/9cUJGr5GomE?si=5uMDTBNgi50CQz2-&#8220;][\/vc_column][\/vc_row][\/vc_section][vc_section full_width=&#8221;stretch_row_content&#8221;][vc_row el_class=&#8221;container&#8221;][vc_column][vc_custom_heading text=&#8221;Directorio tur\u00edstico&#8221; font_container=&#8221;tag:h2|text_align:left|color:%23291814&#8243; use_theme_fonts=&#8221;yes&#8221; el_class=&#8221;f-400&#8243;][vc_column_text]<strong>Turismo de naturaleza <\/strong><\/p>\n<p>Jard\u00edn Bot\u00e1nico San Jorge<br \/>\n<a href=\"https:\/\/www.instagram.com\/jardinbotanicosanjorge\/?hl=es\">https:\/\/www.instagram.com\/jardinbotanicosanjorge\/?hl=es<\/a><\/p>\n<p>Santaf\u00e9 de los Guaduales<br \/>\n<a href=\"https:\/\/www.instagram.com\/santafedelosguaduales\/?hl=es-la\">https:\/\/www.instagram.com\/santafedelosguaduales\/?hl=es-la<\/a><\/p>\n<p>Reserva Orqu\u00eddeas del Tolima<br \/>\n<a href=\"http:\/\/orquideasdeltolima.com\/\">http:\/\/orquideasdeltolima.com\/<\/a><\/p>\n<p>Ca\u00f1\u00f3n del r\u00edo Combeima<br \/>\n<a href=\"https:\/\/www.tolima.gov.co\/tolima\/informacion-general\/turismo\/2032-municipio-de-ibague-canon-del-combeima\">https:\/\/www.tolima.gov.co\/tolima\/informacion-general\/turismo\/2032-municipio-de-ibague-canon-del-combeima<\/a><\/p>\n<p>Corregimiento de Toche<br \/>\n<a href=\"https:\/\/ibague.gov.co\/portal\/seccion\/noticias\/index.php?idnt=11793#gsc.tab=0\">https:\/\/ibague.gov.co\/portal\/seccion\/noticias\/index.php?idnt=11793#gsc.tab=0<\/a><\/p>\n<p><strong>Museos<\/strong><\/p>\n<p>Museo de Arte del Tolima \u2013 MAT<br \/>\n<a href=\"https:\/\/museodeartedeltolima.com.co\/\">https:\/\/museodeartedeltolima.com.co\/<\/a><\/p>\n<p>Museo Pan\u00f3ptico de Ibagu\u00e9<\/p>\n<p><a href=\"https:\/\/www.panopticodeibague.gov.co\/\">https:\/\/www.panopticodeibague.gov.co\/<\/a><\/p>\n<p>Museo Antropol\u00f3gico de la Universidad del Tolima<br \/>\n<a href=\"http:\/\/fcha.ut.edu.co\/museo-antropologico.html\">http:\/\/fcha.ut.edu.co\/museo-antropologico.html<\/a><\/p>\n<p>Museo Veredal &#8220;Camino del Recuerdo&#8221;<\/p>\n<p><a href=\"https:\/\/monumentosdeibague.es.tl\/Museo-Veredal.htm\">https:\/\/monumentosdeibague.es.tl\/Museo-Veredal.htm<\/a><\/p>\n<p><strong>Parques tem\u00e1ticos<\/strong><\/p>\n<p>Parque Caik\u00e9<br \/>\n<a href=\"https:\/\/caike.com.co\/\">https:\/\/caike.com.co\/<\/a><\/p>\n<p>Parque Interactivo Innovamente<br \/>\n<a href=\"https:\/\/tolima.gov.co\/innovamente\">https:\/\/tolima.gov.co\/innovamente<\/a><\/p>\n<p>Parque Ecotur\u00edstico y extremo Yaguar\u00e9<br \/>\n<a href=\"https:\/\/www.instagram.com\/yaguarextremo\/?hl=es\">https:\/\/www.instagram.com\/yaguarextremo\/?hl=es<\/a><\/p>\n<p><strong>Gastronom\u00eda<\/strong><\/p>\n<p>Zona G<br \/>\n<a href=\"https:\/\/tolimaonline.com\/ibague-ahora-cuenta-con-un-area-de-desarrollo-naranja-zona-g\/\">https:\/\/tolimaonline.com\/ibague-ahora-cuenta-con-un-area-de-desarrollo-naranja-zona-g\/<\/a><\/p>\n<p>Ca\u00f1\u00f3n del r\u00edo Combeima<br \/>\n<a href=\"https:\/\/www.tolima.gov.co\/tolima\/informacion-general\/turismo\/2032-municipio-de-ibague-canon-del-combeima\">https:\/\/www.tolima.gov.co\/tolima\/informacion-general\/turismo\/2032-municipio-de-ibague-canon-del-combeima<\/a>[\/vc_column_text][\/vc_column][\/vc_row][\/vc_section]<\/p>\n<\/div>","protected":false},"excerpt":{"rendered":"<p>[vc_section full_width=&#8221;stretch_row_content&#8221; css=&#8221;.vc_custom_1711482376551{background: #d85103 url(https:\/\/asociacioncolombianademicologia.org\/iicongresocolombianomicologia\/wp-content\/uploads\/2024\/03\/inscripciones.png?id=87) !important;background-position: center !important;background-repeat: no-repeat !important;background-size: cover !important;}&#8221; el_class=&#8221;header-inner-page&#8221;][vc_row el_class=&#8221;container&#8221;][vc_column][vc_custom_heading text=&#8221;Ibagu\u00e9, capital musical de colombia&#8221; font_container=&#8221;tag:h1|text_align:left|color:%23ffffff&#8221; use_theme_fonts=&#8221;yes&#8221; el_class=&#8221;h1-title-innerpages&#8221;][\/vc_column][\/vc_row][\/vc_section][vc_section full_width=&#8221;stretch_row_content&#8221;][vc_row el_class=&#8221;container&#8221;][vc_column][vc_column_text]El II Congreso Colombiano de Micolog\u00eda se llevar\u00e1 a cabo en la hermosa ciudad de Ibagu\u00e9, ubicada en el departamento del Tolima, Colombia. Ibagu\u00e9, conocida como la &#8220;Ciudad Musical&#8221;, ofrece una mezcla [&hellip;]<\/p>\n","protected":false},"author":1,"featured_media":0,"parent":0,"menu_order":0,"comment_status":"closed","ping_status":"closed","template":"","meta":{"footnotes":""},"class_list":["post-18","page","type-page","status-publish","hentry"],"_links":{"self":[{"href":"https:\/\/asociacioncolombianademicologia.org\/iicongresocolombianomicologia\/wp-json\/wp\/v2\/pages\/18","targetHints":{"allow":["GET"]}}],"collection":[{"href":"https:\/\/asociacioncolombianademicologia.org\/iicongresocolombianomicologia\/wp-json\/wp\/v2\/pages"}],"about":[{"href":"https:\/\/asociacioncolombianademicologia.org\/iicongresocolombianomicologia\/wp-json\/wp\/v2\/types\/page"}],"author":[{"embeddable":true,"href":"https:\/\/asociacioncolombianademicologia.org\/iicongresocolombianomicologia\/wp-json\/wp\/v2\/users\/1"}],"replies":[{"embeddable":true,"href":"https:\/\/asociacioncolombianademicologia.org\/iicongresocolombianomicologia\/wp-json\/wp\/v2\/comments?post=18"}],"version-history":[{"count":6,"href":"https:\/\/asociacioncolombianademicologia.org\/iicongresocolombianomicologia\/wp-json\/wp\/v2\/pages\/18\/revisions"}],"predecessor-version":[{"id":194,"href":"https:\/\/asociacioncolombianademicologia.org\/iicongresocolombianomicologia\/wp-json\/wp\/v2\/pages\/18\/revisions\/194"}],"wp:attachment":[{"href":"https:\/\/asociacioncolombianademicologia.org\/iicongresocolombianomicologia\/wp-json\/wp\/v2\/media?parent=18"}],"curies":[{"name":"wp","href":"https:\/\/api.w.org\/{rel}","templated":true}]}}