{"id":20,"date":"2024-03-25T15:25:09","date_gmt":"2024-03-25T20:25:09","guid":{"rendered":"https:\/\/asociacioncolombianademicologia.org\/iicongresocolombianomicologia\/?page_id=20"},"modified":"2024-10-24T12:42:46","modified_gmt":"2024-10-24T17:42:46","slug":"patrocinadores","status":"publish","type":"page","link":"https:\/\/asociacioncolombianademicologia.org\/iicongresocolombianomicologia\/patrocinadores\/","title":{"rendered":"Patrocinadores"},"content":{"rendered":"<div class=\"wpb-content-wrapper\"><p>[vc_section full_width=&#8221;stretch_row_content&#8221; css=&#8221;.vc_custom_1711482376551{background: #d85103 url(https:\/\/asociacioncolombianademicologia.org\/iicongresocolombianomicologia\/wp-content\/uploads\/2024\/03\/inscripciones.png?id=87) !important;background-position: center !important;background-repeat: no-repeat !important;background-size: cover !important;}&#8221; el_class=&#8221;header-inner-page&#8221;][vc_row el_class=&#8221;container&#8221;][vc_column][vc_custom_heading text=&#8221;Patrocinadores&#8221; font_container=&#8221;tag:h1|text_align:left|color:%23ffffff&#8221; use_theme_fonts=&#8221;yes&#8221; el_class=&#8221;h1-title-innerpages&#8221;][\/vc_column][\/vc_row][\/vc_section][vc_section full_width=&#8221;stretch_row_content&#8221;][vc_row el_class=&#8221;container&#8221;][vc_column width=&#8221;1\/5&#8243;][\/vc_column][vc_column width=&#8221;1\/5&#8243;][vc_single_image image=&#8221;337&#8243; img_size=&#8221;full&#8221; alignment=&#8221;center&#8221; css_animation=&#8221;fadeInUp&#8221;][\/vc_column][vc_column width=&#8221;1\/5&#8243;][vc_single_image image=&#8221;340&#8243; img_size=&#8221;full&#8221; alignment=&#8221;center&#8221; css_animation=&#8221;fadeInUp&#8221;][\/vc_column][vc_column width=&#8221;1\/5&#8243;][vc_single_image image=&#8221;338&#8243; img_size=&#8221;full&#8221; alignment=&#8221;center&#8221; css_animation=&#8221;fadeInUp&#8221;][\/vc_column][vc_column width=&#8221;1\/5&#8243;][\/vc_column][\/vc_row][vc_row el_class=&#8221;container&#8221;][vc_column width=&#8221;1\/5&#8243;][\/vc_column][vc_column width=&#8221;1\/5&#8243;][vc_single_image image=&#8221;352&#8243; img_size=&#8221;full&#8221; alignment=&#8221;center&#8221; css_animation=&#8221;fadeInUp&#8221;][\/vc_column][vc_column width=&#8221;1\/5&#8243;][vc_single_image image=&#8221;354&#8243; img_size=&#8221;full&#8221; alignment=&#8221;center&#8221; css_animation=&#8221;fadeInUp&#8221;][\/vc_column][vc_column width=&#8221;1\/5&#8243;][vc_single_image image=&#8221;353&#8243; img_size=&#8221;full&#8221; alignment=&#8221;center&#8221; css_animation=&#8221;fadeInUp&#8221;][\/vc_column][vc_column width=&#8221;1\/5&#8243;][\/vc_column][\/vc_row][vc_row el_class=&#8221;container&#8221;][vc_column][vc_column_text]\u00a1\u00danase a nosotros como patrocinador y sea parte de este evento \u00fanico! Su apoyo contribuir\u00e1 al desarrollo del congreso y le brindar\u00e1 una excelente exposici\u00f3n ante nuestro p\u00fablico objetivo. Complete el siguiente formulario para obtener m\u00e1s informaci\u00f3n sobre los beneficios de ser patrocinador y c\u00f3mo participar.[\/vc_column_text][\/vc_column][\/vc_row][\/vc_section][vc_section full_width=&#8221;stretch_row_content&#8221;][vc_row disable_element=&#8221;yes&#8221; el_class=&#8221;container&#8221;][vc_column width=&#8221;1\/6&#8243;][\/vc_column][vc_column width=&#8221;2\/3&#8243;][vc_custom_heading text=&#8221;Formulario de registro patrocinadores&#8221; font_container=&#8221;tag:h2|text_align:left|color:%23291814&#8243; use_theme_fonts=&#8221;yes&#8221; el_class=&#8221;f-400&#8243; css=&#8221;.vc_custom_1711556879711{margin-bottom: 3.2rem !important;}&#8221;]\n<div class=\"wpcf7 no-js\" id=\"wpcf7-f137-o1\" lang=\"es-CO\" dir=\"ltr\">\n<div class=\"screen-reader-response\"><p role=\"status\" aria-live=\"polite\" aria-atomic=\"true\"><\/p> <ul><\/ul><\/div>\n<form action=\"\/iicongresocolombianomicologia\/wp-json\/wp\/v2\/pages\/20#wpcf7-f137-o1\" method=\"post\" class=\"wpcf7-form init\" aria-label=\"Formulario de contacto\" novalidate=\"novalidate\" data-status=\"init\">\n<div style=\"display: none;\">\n<input type=\"hidden\" name=\"_wpcf7\" value=\"137\" \/>\n<input type=\"hidden\" name=\"_wpcf7_version\" value=\"5.9.3\" \/>\n<input type=\"hidden\" name=\"_wpcf7_locale\" value=\"es_CO\" \/>\n<input type=\"hidden\" name=\"_wpcf7_unit_tag\" value=\"wpcf7-f137-o1\" \/>\n<input type=\"hidden\" name=\"_wpcf7_container_post\" value=\"0\" \/>\n<input type=\"hidden\" name=\"_wpcf7_posted_data_hash\" value=\"\" \/>\n<\/div>\n<p><span class=\"wpcf7-form-control-wrap\" data-name=\"nombre\"><input size=\"40\" class=\"wpcf7-form-control wpcf7-text wpcf7-validates-as-required\" aria-required=\"true\" aria-invalid=\"false\" placeholder=\"Nombre y apellidos completos\" value=\"\" type=\"text\" name=\"nombre\" \/><\/span>\n<\/p>\n<p><span class=\"wpcf7-form-control-wrap\" data-name=\"correoelectronico\"><input size=\"40\" class=\"wpcf7-form-control wpcf7-email wpcf7-validates-as-required wpcf7-text wpcf7-validates-as-email\" aria-required=\"true\" aria-invalid=\"false\" placeholder=\"Correo electr\u00f3nico\" value=\"\" type=\"email\" name=\"correoelectronico\" \/><\/span>\n<\/p>\n<p><span class=\"wpcf7-form-control-wrap\" data-name=\"empresa\"><input size=\"40\" class=\"wpcf7-form-control wpcf7-text wpcf7-validates-as-required\" aria-required=\"true\" aria-invalid=\"false\" placeholder=\"Empresa, Persona o Entidad Patrocinadora\" value=\"\" type=\"text\" name=\"empresa\" \/><\/span>\n<\/p>\n<p><span class=\"wpcf7-form-control-wrap\" data-name=\"numeroidentidad\"><input size=\"40\" class=\"wpcf7-form-control wpcf7-text wpcf7-validates-as-required\" aria-required=\"true\" aria-invalid=\"false\" placeholder=\"NIT o C.C.\" value=\"\" type=\"text\" name=\"numeroidentidad\" \/><\/span>\n<\/p>\n<p><span class=\"wpcf7-form-control-wrap\" data-name=\"mensaje\"><textarea cols=\"40\" rows=\"10\" class=\"wpcf7-form-control wpcf7-textarea wpcf7-validates-as-required\" aria-required=\"true\" aria-invalid=\"false\" placeholder=\"Mensaje\" name=\"mensaje\"><\/textarea><\/span>\n<\/p>\n<p><input class=\"wpcf7-form-control wpcf7-submit has-spinner\" type=\"submit\" value=\"Enviar informaci\u00f3n de patrocinio\" \/>\n<\/p><div class=\"wpcf7-response-output\" aria-hidden=\"true\"><\/div>\n<\/form>\n<\/div>\n[\/vc_column][vc_column width=&#8221;1\/6&#8243;][\/vc_column][\/vc_row][vc_row el_class=&#8221;container&#8221;][vc_column][vc_single_image image=&#8221;345&#8243; img_size=&#8221;full&#8221;][\/vc_column][\/vc_row][vc_row el_class=&#8221;container&#8221;][vc_column][vc_custom_heading text=&#8221;PLANOS&#8221; font_container=&#8221;tag:h2|text_align:center|color:%23291814&#8243; use_theme_fonts=&#8221;yes&#8221; css=&#8221;.vc_custom_1722794305602{margin-bottom: 3.2rem !important;}&#8221;][vc_single_image image=&#8221;296&#8243; img_size=&#8221;full&#8221;][\/vc_column][\/vc_row][\/vc_section][vc_section full_width=&#8221;stretch_row_content&#8221;][vc_row el_class=&#8221;container&#8221;][vc_column][vc_column_text]<\/p>\n<p style=\"text-align: center;\"><strong>FORMULARIO CONTACTO PATROCINADORES<\/strong><\/p>\n<p>[\/vc_column_text][vc_column_text]<\/p>\n<p style=\"text-align: center;\"><a href=\"https:\/\/forms.gle\/whYM1YKS1YKm9myUA\" target=\"_blank\" rel=\"noopener\"><button>Ingresar al formulario<\/button><\/a><\/p>\n<p>[\/vc_column_text][\/vc_column][\/vc_row][\/vc_section][vc_section full_width=&#8221;stretch_row_content&#8221;][vc_row el_class=&#8221;container&#8221;][vc_column][vc_column_text]<\/p>\n<p style=\"text-align: center;\"><strong>PAGO PATROCINADORES<\/strong><\/p>\n<p style=\"text-align: center;\">Para realizar el pago, puedes optar por TRANSFERENCIA BANCARIA o utilizar el BOT\u00d3N DE PAGO. Aseg\u00farate de considerar las tarifas de paquetes de patrocinio o patrocinios individuales. En caso de requerir informaci\u00f3n adicional sobre facturas u otros detalles, puedes contactarnos al correo: <a href=\"mailto:congresomicologiapatrocinio@gmail.com\">congresomicologiapatrocinio@gmail.com<\/a><\/p>\n<p style=\"text-align: center;\"><strong>DATOS DE PAGO TRANSFERENCIA BANCARIA<\/strong><\/p>\n<p style=\"text-align: center;\"><strong>Los datos de pago son:<\/strong><br \/>\nCuenta de ahorros: 37700000672<br \/>\nBANCOLOMBIA<br \/>\nAsociaci\u00f3n Colombiana de Micolog\u00eda<br \/>\nNIT: 901385841-8<\/p>\n<p style=\"text-align: center;\"><strong>BOT\u00d3N DE PAGO<\/strong><\/p>\n<form id=\"frm_ePaycoCheckoutOpen\" action=\"https:\/\/secure.payco.co\/checkoutopen.php\" method=\"POST\" name=\"frm_ePaycoCheckoutOpen\">\n<p style=\"text-align: center;\"><input id=\"imagen\" alt=\"\" src=\"https:\/\/multimedia.epayco.co\/dashboard\/btns\/btn3.png\" type=\"image\" \/><br \/>\n<input id=\"idboton\" name=\"idboton\" type=\"hidden\" value=\"66192\" \/><\/p>\n<\/form>\n<p><!-- ================================================================== -->[\/vc_column_text][vc_column_text]<\/p>\n<p style=\"text-align: center;\"><strong>FORMULARIO DE REGISTRO PAGO <\/strong><\/p>\n<p style=\"text-align: center;\">Despu\u00e9s de realizar el pago para formalizar tu inscripci\u00f3n como patrocinador y participar en II Congreso Colombiano de Micolog\u00eda, registra los datos y env\u00eda en formato JPG o PDF el comprobante de pago a trav\u00e9s del siguiente formulario.<\/p>\n<p style=\"text-align: center;\"><a href=\"https:\/\/docs.google.com\/forms\/d\/e\/1FAIpQLSfjDWknQYeML2cdVgvx2omlhHIk8NfHVeqg8FakJmgR4nB9sQ\/viewform?usp=sf_link\"><button>Formulario de inscripci\u00f3n<\/button><\/a><\/p>\n<p>[\/vc_column_text][vc_column_text]<\/p>\n<p>[\/vc_column_text][\/vc_column][\/vc_row][\/vc_section]<\/p>\n<\/div>","protected":false},"excerpt":{"rendered":"<p>[vc_section full_width=&#8221;stretch_row_content&#8221; css=&#8221;.vc_custom_1711482376551{background: #d85103 url(https:\/\/asociacioncolombianademicologia.org\/iicongresocolombianomicologia\/wp-content\/uploads\/2024\/03\/inscripciones.png?id=87) !important;background-position: center !important;background-repeat: no-repeat !important;background-size: cover !important;}&#8221; el_class=&#8221;header-inner-page&#8221;][vc_row el_class=&#8221;container&#8221;][vc_column][vc_custom_heading text=&#8221;Patrocinadores&#8221; font_container=&#8221;tag:h1|text_align:left|color:%23ffffff&#8221; use_theme_fonts=&#8221;yes&#8221; el_class=&#8221;h1-title-innerpages&#8221;][\/vc_column][\/vc_row][\/vc_section][vc_section full_width=&#8221;stretch_row_content&#8221;][vc_row el_class=&#8221;container&#8221;][vc_column width=&#8221;1\/5&#8243;][\/vc_column][vc_column width=&#8221;1\/5&#8243;][vc_single_image image=&#8221;337&#8243; img_size=&#8221;full&#8221; alignment=&#8221;center&#8221; css_animation=&#8221;fadeInUp&#8221;][\/vc_column][vc_column width=&#8221;1\/5&#8243;][vc_single_image image=&#8221;340&#8243; img_size=&#8221;full&#8221; alignment=&#8221;center&#8221; css_animation=&#8221;fadeInUp&#8221;][\/vc_column][vc_column width=&#8221;1\/5&#8243;][vc_single_image image=&#8221;338&#8243; img_size=&#8221;full&#8221; alignment=&#8221;center&#8221; css_animation=&#8221;fadeInUp&#8221;][\/vc_column][vc_column width=&#8221;1\/5&#8243;][\/vc_column][\/vc_row][vc_row el_class=&#8221;container&#8221;][vc_column width=&#8221;1\/5&#8243;][\/vc_column][vc_column width=&#8221;1\/5&#8243;][vc_single_image image=&#8221;352&#8243; img_size=&#8221;full&#8221; alignment=&#8221;center&#8221; css_animation=&#8221;fadeInUp&#8221;][\/vc_column][vc_column width=&#8221;1\/5&#8243;][vc_single_image image=&#8221;354&#8243; img_size=&#8221;full&#8221; alignment=&#8221;center&#8221; css_animation=&#8221;fadeInUp&#8221;][\/vc_column][vc_column width=&#8221;1\/5&#8243;][vc_single_image image=&#8221;353&#8243; img_size=&#8221;full&#8221; alignment=&#8221;center&#8221; css_animation=&#8221;fadeInUp&#8221;][\/vc_column][vc_column width=&#8221;1\/5&#8243;][\/vc_column][\/vc_row][vc_row [&hellip;]<\/p>\n","protected":false},"author":1,"featured_media":0,"parent":0,"menu_order":0,"comment_status":"closed","ping_status":"closed","template":"","meta":{"footnotes":""},"class_list":["post-20","page","type-page","status-publish","hentry"],"_links":{"self":[{"href":"https:\/\/asociacioncolombianademicologia.org\/iicongresocolombianomicologia\/wp-json\/wp\/v2\/pages\/20","targetHints":{"allow":["GET"]}}],"collection":[{"href":"https:\/\/asociacioncolombianademicologia.org\/iicongresocolombianomicologia\/wp-json\/wp\/v2\/pages"}],"about":[{"href":"https:\/\/asociacioncolombianademicologia.org\/iicongresocolombianomicologia\/wp-json\/wp\/v2\/types\/page"}],"author":[{"embeddable":true,"href":"https:\/\/asociacioncolombianademicologia.org\/iicongresocolombianomicologia\/wp-json\/wp\/v2\/users\/1"}],"replies":[{"embeddable":true,"href":"https:\/\/asociacioncolombianademicologia.org\/iicongresocolombianomicologia\/wp-json\/wp\/v2\/comments?post=20"}],"version-history":[{"count":19,"href":"https:\/\/asociacioncolombianademicologia.org\/iicongresocolombianomicologia\/wp-json\/wp\/v2\/pages\/20\/revisions"}],"predecessor-version":[{"id":356,"href":"https:\/\/asociacioncolombianademicologia.org\/iicongresocolombianomicologia\/wp-json\/wp\/v2\/pages\/20\/revisions\/356"}],"wp:attachment":[{"href":"https:\/\/asociacioncolombianademicologia.org\/iicongresocolombianomicologia\/wp-json\/wp\/v2\/media?parent=20"}],"curies":[{"name":"wp","href":"https:\/\/api.w.org\/{rel}","templated":true}]}}