{"id":89,"date":"2024-03-26T14:56:06","date_gmt":"2024-03-26T19:56:06","guid":{"rendered":"https:\/\/asociacioncolombianademicologia.org\/iicongresocolombianomicologia\/?page_id=89"},"modified":"2024-09-18T21:37:46","modified_gmt":"2024-09-19T02:37:46","slug":"comite-organizador-y-cientifico","status":"publish","type":"page","link":"https:\/\/asociacioncolombianademicologia.org\/iicongresocolombianomicologia\/comite-organizador-y-cientifico\/","title":{"rendered":"Comit\u00e9 Organizador y Cient\u00edfico"},"content":{"rendered":"<div class=\"wpb-content-wrapper\"><p>[vc_section full_width=&#8221;stretch_row_content&#8221; css=&#8221;.vc_custom_1711482376551{background: #d85103 url(https:\/\/asociacioncolombianademicologia.org\/iicongresocolombianomicologia\/wp-content\/uploads\/2024\/03\/inscripciones.png?id=87) !important;background-position: center !important;background-repeat: no-repeat !important;background-size: cover !important;}&#8221; el_class=&#8221;header-inner-page&#8221;][vc_row el_class=&#8221;container&#8221;][vc_column][vc_custom_heading text=&#8221;Comit\u00e9 Organizador y Cient\u00edfico&#8221; font_container=&#8221;tag:h1|text_align:left|color:%23ffffff&#8221; use_theme_fonts=&#8221;yes&#8221; el_class=&#8221;h1-title-innerpages&#8221;][\/vc_column][\/vc_row][\/vc_section][vc_section full_width=&#8221;stretch_row_content&#8221;][vc_row el_class=&#8221;container&#8221;][vc_column][vc_column_text]Nos complace presentar a nuestro Comit\u00e9 Organizador, Cient\u00edfico, de Patrocinadores, Editorial y de Comunicaciones. Este grupo est\u00e1 compuesto por profesionales y acad\u00e9micos que han dedicado su experiencia y conocimiento para asegurar la excelencia de este congreso.[\/vc_column_text][\/vc_column][\/vc_row][\/vc_section][vc_section full_width=&#8221;stretch_row_content&#8221;][vc_row el_class=&#8221;container&#8221;][vc_column][vc_custom_heading text=&#8221;Comit\u00e9 Organizador&#8221; font_container=&#8221;tag:h2|text_align:left|color:%23291814&#8243; use_theme_fonts=&#8221;yes&#8221; el_class=&#8221;f-400&#8243; css=&#8221;.vc_custom_1711489444995{margin-bottom: 3.2rem !important;}&#8221;][\/vc_column][\/vc_row][vc_row el_class=&#8221;container&#8221;][vc_column css_animation=&#8221;fadeInLeft&#8221; width=&#8221;1\/4&#8243;][vc_single_image image=&#8221;162&#8243; img_size=&#8221;full&#8221; alignment=&#8221;center&#8221;][vc_column_text]<strong>Presidente:<\/strong><br \/>\nWalter Murillo Arango<br \/>\nLicenciado en Biolog\u00eda y Qu\u00edmica, M.Sc y Ph.D Ciencias Qu\u00edmicas<br \/>\n<a href=\"https:\/\/scienti.minciencias.gov.co\/cvlac\/visualizador\/generarCurriculoCv.do?cod_rh=0000386960\" target=\"_blank\" rel=\"noopener\">CvLAC<\/a>[\/vc_column_text][\/vc_column][vc_column css_animation=&#8221;fadeInLeft&#8221; width=&#8221;1\/4&#8243;][vc_single_image image=&#8221;158&#8243; img_size=&#8221;full&#8221; alignment=&#8221;center&#8221;][vc_column_text]<strong>Vicepresidente y Tesorera:<\/strong><br \/>\nLina Roc\u00edo D\u00e1vila Giraldo<br \/>\nBi\u00f3loga, M.Sc Ciencia y Tecnolog\u00eda de Alimentos, Ph.D(c) Ciencias Agrarias<br \/>\n<a href=\"https:\/\/scienti.minciencias.gov.co\/cvlac\/visualizador\/generarCurriculoCv.do?cod_rh=0000008284\" target=\"_blank\" rel=\"noopener\">CvLAC<\/a>[\/vc_column_text][\/vc_column][vc_column css_animation=&#8221;fadeInLeft&#8221; width=&#8221;1\/4&#8243;][vc_single_image image=&#8221;160&#8243; img_size=&#8221;full&#8221; alignment=&#8221;center&#8221;][vc_column_text]<strong>Secretaria:<\/strong><br \/>\nSalome G\u00f3mez G\u00f3mez<br \/>\nBi\u00f3loga<br \/>\n<a href=\"https:\/\/scienti.minciencias.gov.co\/cvlac\/visualizador\/generarCurriculoCv.do?cod_rh=0001839283\" target=\"_blank\" rel=\"noopener\">CvLAC<\/a>[\/vc_column_text][\/vc_column][vc_column css_animation=&#8221;fadeInLeft&#8221; width=&#8221;1\/4&#8243;][vc_single_image image=&#8221;156&#8243; img_size=&#8221;full&#8221; alignment=&#8221;center&#8221;][vc_column_text]<strong>Vocal:<\/strong><br \/>\nCristian Zambrano Forero<br \/>\nBi\u00f3logo, Ph.D(c) Biotecnolog\u00eda<br \/>\n<a href=\"https:\/\/scienti.minciencias.gov.co\/cvlac\/visualizador\/generarCurriculoCv.do?cod_rh=0001633926\" target=\"_blank\" rel=\"noopener\">CvLAC<\/a>[\/vc_column_text][\/vc_column][\/vc_row][vc_row el_class=&#8221;container&#8221;][vc_column css_animation=&#8221;fadeInLeft&#8221; width=&#8221;1\/4&#8243;][vc_single_image image=&#8221;230&#8243; img_size=&#8221;full&#8221; alignment=&#8221;center&#8221;][vc_column_text]<strong>Vocal<br \/>\n<\/strong><strong>Angie Carolina Sabogal Palma<br \/>\n<\/strong>Bi\u00f3loga, Ph.D en Biotecnolog\u00eda<br \/>\n<a href=\"https:\/\/scienti.minciencias.gov.co\/cvlac\/EnDireccionRh\/return.do\" target=\"_blank\" rel=\"noopener\">CvLAC<\/a>[\/vc_column_text][\/vc_column][vc_column css_animation=&#8221;fadeInLeft&#8221; width=&#8221;1\/4&#8243;][vc_single_image image=&#8221;231&#8243; img_size=&#8221;full&#8221; alignment=&#8221;center&#8221;][vc_column_text]<strong>Vocal <\/strong><br \/>\n<strong>Jonh Jairo M\u00e9ndez Arteaga<\/strong><br \/>\nLicenciado en Biolog\u00eda y Qu\u00edmica, Ph. D en Ciencias Qu\u00edmicas.<br \/>\n<a href=\"https:\/\/scienti.minciencias.gov.co\/cvlac\/visualizador\/generarCurriculoCv.do?cod_rh=0000347604\" target=\"_blank\" rel=\"noopener\">CvLAC<\/a>[\/vc_column_text][\/vc_column][vc_column css_animation=&#8221;fadeInLeft&#8221; width=&#8221;1\/4&#8243;][\/vc_column][vc_column css_animation=&#8221;fadeInLeft&#8221; width=&#8221;1\/4&#8243;][\/vc_column][\/vc_row][\/vc_section][vc_section full_width=&#8221;stretch_row_content&#8221;][vc_row el_class=&#8221;container&#8221;][vc_column][vc_custom_heading text=&#8221;Comit\u00e9 Cient\u00edfico&#8221; font_container=&#8221;tag:h2|text_align:left|color:%23291814&#8243; use_theme_fonts=&#8221;yes&#8221; el_class=&#8221;f-400&#8243; css=&#8221;.vc_custom_1711489505584{margin-bottom: 3.2rem !important;}&#8221;][\/vc_column][\/vc_row][vc_row el_class=&#8221;container&#8221;][vc_column css_animation=&#8221;fadeInLeft&#8221; width=&#8221;1\/4&#8243;][vc_single_image image=&#8221;162&#8243; img_size=&#8221;full&#8221; alignment=&#8221;center&#8221;][vc_column_text]<strong>Walter Murillo Arango<\/strong><br \/>\nLicenciado en Biolog\u00eda y Qu\u00edmica, M.Sc y Ph.D Ciencias Qu\u00edmicas<br \/>\n<a href=\"https:\/\/scienti.minciencias.gov.co\/cvlac\/visualizador\/generarCurriculoCv.do?cod_rh=0000386960\" target=\"_blank\" rel=\"noopener\">CvLAC<\/a>[\/vc_column_text][\/vc_column][vc_column css_animation=&#8221;fadeInLeft&#8221; width=&#8221;1\/4&#8243;][vc_single_image image=&#8221;156&#8243; img_size=&#8221;full&#8221; alignment=&#8221;center&#8221;][vc_column_text]<strong>Cristian Javier Zambrano<\/strong><br \/>\nBi\u00f3logo, Ph.D(c) Biotecnolog\u00eda<br \/>\n<a href=\"https:\/\/scienti.minciencias.gov.co\/cvlac\/visualizador\/generarCurriculoCv.do?cod_rh=0001633926\" target=\"_blank\" rel=\"noopener\">CvLAC<\/a>[\/vc_column_text][\/vc_column][vc_column css_animation=&#8221;fadeInLeft&#8221; width=&#8221;1\/4&#8243;][vc_single_image image=&#8221;154&#8243; img_size=&#8221;full&#8221; alignment=&#8221;center&#8221;][vc_column_text]<strong>A\u00edda Vasco Palacios<\/strong><br \/>\nBi\u00f3loga, M.Sc y Ph.D Biolog\u00eda<br \/>\n<a href=\"https:\/\/scienti.minciencias.gov.co\/cvlac\/visualizador\/generarCurriculoCv.do?cod_rh=0000471984\" target=\"_blank\" rel=\"noopener\">CvLAC<\/a>[\/vc_column_text][\/vc_column][vc_column css_animation=&#8221;fadeInLeft&#8221; width=&#8221;1\/4&#8243;][vc_single_image image=&#8221;161&#8243; img_size=&#8221;full&#8221; alignment=&#8221;center&#8221;][vc_column_text]<strong>Tatiana Sanjuan<\/strong><br \/>\nBi\u00f3loga, Ph.D Biolog\u00eda<br \/>\n<a href=\"https:\/\/scienti.minciencias.gov.co\/cvlac\/visualizador\/generarCurriculoCv.do?cod_rh=0001326716#articulos\" target=\"_blank\" rel=\"noopener\">CvLAC<\/a>[\/vc_column_text][\/vc_column][\/vc_row][vc_row el_class=&#8221;container&#8221;][vc_column css_animation=&#8221;fadeInLeft&#8221; width=&#8221;1\/4&#8243;][vc_single_image image=&#8221;155&#8243; img_size=&#8221;full&#8221; alignment=&#8221;center&#8221;][vc_column_text]<strong>Carolina Firacative<\/strong><br \/>\nBi\u00f3loga, Ph.D Medicina<br \/>\n<a href=\"https:\/\/scienti.minciencias.gov.co\/cvlac\/visualizador\/generarCurriculoCv.do?cod_rh=0000770710\" target=\"_blank\" rel=\"noopener\">CvLAC<\/a>[\/vc_column_text][\/vc_column][vc_column css_animation=&#8221;fadeInLeft&#8221; width=&#8221;1\/4&#8243;][vc_single_image image=&#8221;157&#8243; img_size=&#8221;full&#8221; alignment=&#8221;center&#8221;][vc_column_text]<strong>Daniel Rojas Tapias<\/strong><br \/>\nMicrobi\u00f3logo industrial, Matem\u00e1tico, M.Sc Ciencias Biol\u00f3gicas, Ph.D Microbiolog\u00eda<br \/>\n<a href=\"https:\/\/scienti.minciencias.gov.co\/cvlac\/visualizador\/generarCurriculoCv.do?cod_rh=0001174835\" target=\"_blank\" rel=\"noopener\">CvLAC<\/a>[\/vc_column_text][\/vc_column][vc_column css_animation=&#8221;fadeInLeft&#8221; width=&#8221;1\/4&#8243;][vc_single_image image=&#8221;159&#8243; img_size=&#8221;full&#8221; alignment=&#8221;center&#8221;][vc_column_text]<strong>Mar\u00eda Bianney Berm\u00fadez<\/strong><br \/>\nIng. Agron\u00f3mica, M.Sc Agricultura Ecol\u00f3gica, Ph.D Fitopatologia<br \/>\n<strong><a href=\"https:\/\/scienti.minciencias.gov.co\/cvlac\/visualizador\/generarCurriculoCv.do?cod_rh=0000797448\" target=\"_blank\" rel=\"noopener\">CvLAC<\/a><\/strong>[\/vc_column_text][\/vc_column][vc_column width=&#8221;1\/4&#8243;][vc_single_image image=&#8221;228&#8243; img_size=&#8221;full&#8221; alignment=&#8221;center&#8221;][vc_column_text]<strong>Paola Zapata Ocampo<\/strong><br \/>\nQu\u00edmica Farmac\u00e9utica, Ph.D Biolog\u00eda<br \/>\n<strong><a href=\"https:\/\/scienti.minciencias.gov.co\/cvlac\/visualizador\/generarCurriculoCv.do?cod_rh=0000204234\" target=\"_blank\" rel=\"noopener\">CvLAC<\/a><\/strong>[\/vc_column_text][\/vc_column][\/vc_row][vc_row el_class=&#8221;container&#8221;][vc_column css_animation=&#8221;fadeInLeft&#8221; width=&#8221;1\/4&#8243;][vc_single_image image=&#8221;229&#8243; img_size=&#8221;full&#8221; alignment=&#8221;center&#8221;][vc_column_text]<strong>Miguel Moreno-Palacios<\/strong><br \/>\nBi\u00f3logo, M.Sc. Ciencias Biol\u00f3gicas<br \/>\nPhD(c) Ciencias Biol\u00f3gicas (Ecolog\u00eda y Evoluci\u00f3n)<br \/>\nCvLAC[\/vc_column_text][\/vc_column][vc_column css_animation=&#8221;fadeInLeft&#8221; width=&#8221;1\/4&#8243;][vc_single_image image=&#8221;314&#8243; img_size=&#8221;full&#8221; alignment=&#8221;center&#8221;][vc_column_text]<strong>Margareth Andrea Pati\u00f1o Lagos<br \/>\n<\/strong>Ingeniera Biotecnol\u00f3gica<br \/>\nM.Sc Biotecnolog\u00eda y Biociencias<br \/>\nPh.D Biotecnolog\u00eda<br \/>\n<a href=\"https:\/\/scienti.minciencias.gov.co\/cvlac\/visualizador\/generarCurriculoCv.do?cod_rh=0001423368\" target=\"_blank\" rel=\"noopener\">CvLAC<\/a>[\/vc_column_text][\/vc_column][vc_column css_animation=&#8221;fadeInLeft&#8221; width=&#8221;1\/4&#8243;][\/vc_column][vc_column width=&#8221;1\/4&#8243;][\/vc_column][\/vc_row][\/vc_section][vc_section full_width=&#8221;stretch_row_content&#8221;][vc_row el_class=&#8221;container&#8221;][vc_column][vc_custom_heading text=&#8221;Comit\u00e9 Editorial&#8221; font_container=&#8221;tag:h2|text_align:left|color:%23291814&#8243; use_theme_fonts=&#8221;yes&#8221; el_class=&#8221;f-400&#8243; css=&#8221;.vc_custom_1718761524063{margin-bottom: 3.2rem !important;}&#8221;][\/vc_column][\/vc_row][vc_row el_class=&#8221;container&#8221;][vc_column css_animation=&#8221;fadeInLeft&#8221; width=&#8221;1\/4&#8243;][vc_single_image image=&#8221;232&#8243; img_size=&#8221;full&#8221; alignment=&#8221;center&#8221;][vc_column_text]<strong>Nataly G\u00f3mez-Montoya<\/strong><br \/>\nBi\u00f3loga<br \/>\nPh. D Ciencias Biol\u00f3gicas<br \/>\n<a href=\"https:\/\/scienti.minciencias.gov.co\/cvlac\/visualizador\/generarCurriculoCv.do?cod_rh=0000013051\" target=\"_blank\" rel=\"noopener\">CvLAC<\/a>[\/vc_column_text][\/vc_column][vc_column css_animation=&#8221;fadeInLeft&#8221; width=&#8221;1\/4&#8243;][vc_single_image image=&#8221;233&#8243; img_size=&#8221;full&#8221; alignment=&#8221;center&#8221;][vc_column_text]<strong>Laura V\u00e9lez Jaramillo<\/strong><br \/>\nBi\u00f3loga[\/vc_column_text][\/vc_column][vc_column css_animation=&#8221;fadeInLeft&#8221; width=&#8221;1\/4&#8243;][\/vc_column][vc_column css_animation=&#8221;fadeInLeft&#8221; width=&#8221;1\/4&#8243;][\/vc_column][\/vc_row][\/vc_section][vc_section full_width=&#8221;stretch_row_content&#8221;][vc_row el_class=&#8221;container&#8221;][vc_column][vc_custom_heading text=&#8221;Comit\u00e9 Patrocinadores&#8221; font_container=&#8221;tag:h2|text_align:left|color:%23291814&#8243; use_theme_fonts=&#8221;yes&#8221; el_class=&#8221;f-400&#8243; css=&#8221;.vc_custom_1718762008779{margin-bottom: 3.2rem !important;}&#8221;][\/vc_column][\/vc_row][vc_row el_class=&#8221;container&#8221;][vc_column css_animation=&#8221;fadeInLeft&#8221; width=&#8221;1\/4&#8243;][vc_single_image image=&#8221;158&#8243; img_size=&#8221;full&#8221; alignment=&#8221;center&#8221;][vc_column_text]<strong>Lina Roc\u00edo D\u00e1vila Giraldo<\/strong><br \/>\nBi\u00f3loga, M.Sc Ciencia y Tecnolog\u00eda de Alimentos, Ph.D(c) Ciencias Agrarias<br \/>\n<a href=\"https:\/\/scienti.minciencias.gov.co\/cvlac\/visualizador\/generarCurriculoCv.do?cod_rh=0000008284\" target=\"_blank\" rel=\"noopener\">CvLAC<\/a>[\/vc_column_text][\/vc_column][vc_column css_animation=&#8221;fadeInLeft&#8221; width=&#8221;1\/4&#8243;][vc_single_image image=&#8221;235&#8243; img_size=&#8221;full&#8221; alignment=&#8221;center&#8221;][vc_column_text]<strong>Carolina R\u00edos Sarmiento<\/strong><br \/>\nBi\u00f3loga de la Universidad de Antioquia.[\/vc_column_text][\/vc_column][vc_column css_animation=&#8221;fadeInLeft&#8221; width=&#8221;1\/4&#8243;][vc_single_image image=&#8221;228&#8243; img_size=&#8221;full&#8221; alignment=&#8221;center&#8221;][vc_column_text]<strong>Paola Zapata Ocampo<\/strong><br \/>\nQu\u00edmica Farmac\u00e9utica, Ph.D Biolog\u00eda<br \/>\n<strong><a href=\"https:\/\/scienti.minciencias.gov.co\/cvlac\/visualizador\/generarCurriculoCv.do?cod_rh=0000204234\" target=\"_blank\" rel=\"noopener\">CvLAC<\/a><\/strong>[\/vc_column_text][\/vc_column][vc_column css_animation=&#8221;fadeInLeft&#8221; width=&#8221;1\/4&#8243;][vc_single_image image=&#8221;236&#8243; img_size=&#8221;full&#8221; alignment=&#8221;center&#8221;][vc_column_text]<strong>Carolina Chegwin Angarita<\/strong><br \/>\nQu\u00edmica, Msc y PhD en Ciencias &#8211; Qu\u00edmica<br \/>\n<a href=\"https:\/\/scienti.minciencias.gov.co\/cvlac\/visualizador\/generarCurriculoCv.do?cod_rh=0000499455\" target=\"_blank\" rel=\"noopener\">CvLAC<\/a>[\/vc_column_text][\/vc_column][\/vc_row][\/vc_section][vc_section full_width=&#8221;stretch_row_content&#8221;][vc_row el_class=&#8221;container&#8221;][vc_column][vc_custom_heading text=&#8221;Comit\u00e9 de Comunicaciones&#8221; font_container=&#8221;tag:h2|text_align:left|color:%23291814&#8243; use_theme_fonts=&#8221;yes&#8221; el_class=&#8221;f-400&#8243; css=&#8221;.vc_custom_1726684483756{margin-bottom: 3.2rem !important;}&#8221;][\/vc_column][\/vc_row][vc_row el_class=&#8221;container&#8221;][vc_column css_animation=&#8221;fadeInLeft&#8221; width=&#8221;1\/4&#8243;][vc_single_image image=&#8221;160&#8243; img_size=&#8221;full&#8221; alignment=&#8221;center&#8221;][vc_column_text]<strong>Salome G\u00f3mez G\u00f3mez<\/strong><br \/>\nBi\u00f3loga, estudiante de maestr\u00eda en Ciencias &#8211; Biotecnolog\u00eda de la Universidad Nacional de Colombia.<br \/>\n<a href=\"https:\/\/scienti.minciencias.gov.co\/cvlac\/visualizador\/generarCurriculoCv.do?cod_rh=0001839283\" target=\"_blank\" rel=\"noopener\">CvLAC<\/a>[\/vc_column_text][\/vc_column][vc_column css_animation=&#8221;fadeInLeft&#8221; width=&#8221;1\/4&#8243;][vc_single_image image=&#8221;230&#8243; img_size=&#8221;full&#8221; alignment=&#8221;center&#8221;][vc_column_text]<strong>Angie Carolina Sabogal Palma<br \/>\n<\/strong>Bi\u00f3loga, Universidad del Tolima, Ph.D en Biotecnolog\u00eda de la Universidad de Antioquia.<br \/>\n<a href=\"https:\/\/scienti.minciencias.gov.co\/cvlac\/EnDireccionRh\/return.do\" target=\"_blank\" rel=\"noopener\">CvLAC<\/a>[\/vc_column_text][\/vc_column][vc_column css_animation=&#8221;fadeInLeft&#8221; width=&#8221;1\/4&#8243;][vc_single_image image=&#8221;310&#8243; img_size=&#8221;full&#8221; alignment=&#8221;center&#8221;][vc_column_text]<strong>R\u00edo Marroqu\u00edn-Franco<\/strong><br \/>\nBi\u00f3logo, Universidad de Antioquia; Integrante de los grupos: Taxonom\u00eda y Ecolog\u00eda de Hongos (TEHO), La Funga Colectiva y Fungi UniverseCvLAC[\/vc_column_text][\/vc_column][vc_column css_animation=&#8221;fadeInLeft&#8221; width=&#8221;1\/4&#8243;][vc_single_image image=&#8221;311&#8243; img_size=&#8221;full&#8221; alignment=&#8221;center&#8221;][vc_column_text]<strong>Paula Alarc\u00f3n-Salinas<br \/>\n<\/strong>Estudiante de Biolog\u00eda Universidad del Tolima; Integrante del semillero de Divulgaci\u00f3n y Apropiaci\u00f3n del conocimiento[\/vc_column_text][\/vc_column][\/vc_row][vc_row el_class=&#8221;container&#8221;][vc_column css_animation=&#8221;fadeInLeft&#8221; width=&#8221;1\/4&#8243;][vc_single_image image=&#8221;312&#8243; img_size=&#8221;full&#8221; alignment=&#8221;center&#8221;][vc_column_text]<strong>Camila Parra-L\u00f3pez<br \/>\n<\/strong>Estudiante de Biolog\u00eda Universidad de Antioquia; integrante del grupo de Taxonom\u00eda y Ecolog\u00eda de Hongos[\/vc_column_text][\/vc_column][vc_column css_animation=&#8221;fadeInLeft&#8221; width=&#8221;1\/4&#8243;][\/vc_column][vc_column css_animation=&#8221;fadeInLeft&#8221; width=&#8221;1\/4&#8243;][\/vc_column][vc_column css_animation=&#8221;fadeInLeft&#8221; width=&#8221;1\/4&#8243;][\/vc_column][\/vc_row][\/vc_section]<\/p>\n<\/div>","protected":false},"excerpt":{"rendered":"<p>[vc_section full_width=&#8221;stretch_row_content&#8221; css=&#8221;.vc_custom_1711482376551{background: #d85103 url(https:\/\/asociacioncolombianademicologia.org\/iicongresocolombianomicologia\/wp-content\/uploads\/2024\/03\/inscripciones.png?id=87) !important;background-position: center !important;background-repeat: no-repeat !important;background-size: cover !important;}&#8221; el_class=&#8221;header-inner-page&#8221;][vc_row el_class=&#8221;container&#8221;][vc_column][vc_custom_heading text=&#8221;Comit\u00e9 Organizador y Cient\u00edfico&#8221; font_container=&#8221;tag:h1|text_align:left|color:%23ffffff&#8221; use_theme_fonts=&#8221;yes&#8221; el_class=&#8221;h1-title-innerpages&#8221;][\/vc_column][\/vc_row][\/vc_section][vc_section full_width=&#8221;stretch_row_content&#8221;][vc_row el_class=&#8221;container&#8221;][vc_column][vc_column_text]Nos complace presentar a nuestro Comit\u00e9 Organizador, Cient\u00edfico, de Patrocinadores, Editorial y de Comunicaciones. Este grupo est\u00e1 compuesto por profesionales y acad\u00e9micos que han dedicado su experiencia y conocimiento para asegurar la excelencia [&hellip;]<\/p>\n","protected":false},"author":1,"featured_media":0,"parent":0,"menu_order":0,"comment_status":"closed","ping_status":"closed","template":"","meta":{"footnotes":""},"class_list":["post-89","page","type-page","status-publish","hentry"],"_links":{"self":[{"href":"https:\/\/asociacioncolombianademicologia.org\/iicongresocolombianomicologia\/wp-json\/wp\/v2\/pages\/89","targetHints":{"allow":["GET"]}}],"collection":[{"href":"https:\/\/asociacioncolombianademicologia.org\/iicongresocolombianomicologia\/wp-json\/wp\/v2\/pages"}],"about":[{"href":"https:\/\/asociacioncolombianademicologia.org\/iicongresocolombianomicologia\/wp-json\/wp\/v2\/types\/page"}],"author":[{"embeddable":true,"href":"https:\/\/asociacioncolombianademicologia.org\/iicongresocolombianomicologia\/wp-json\/wp\/v2\/users\/1"}],"replies":[{"embeddable":true,"href":"https:\/\/asociacioncolombianademicologia.org\/iicongresocolombianomicologia\/wp-json\/wp\/v2\/comments?post=89"}],"version-history":[{"count":16,"href":"https:\/\/asociacioncolombianademicologia.org\/iicongresocolombianomicologia\/wp-json\/wp\/v2\/pages\/89\/revisions"}],"predecessor-version":[{"id":316,"href":"https:\/\/asociacioncolombianademicologia.org\/iicongresocolombianomicologia\/wp-json\/wp\/v2\/pages\/89\/revisions\/316"}],"wp:attachment":[{"href":"https:\/\/asociacioncolombianademicologia.org\/iicongresocolombianomicologia\/wp-json\/wp\/v2\/media?parent=89"}],"curies":[{"name":"wp","href":"https:\/\/api.w.org\/{rel}","templated":true}]}}